{"id":11829,"date":"2022-01-04T21:09:09","date_gmt":"2022-01-04T20:09:09","guid":{"rendered":"https:\/\/dariuszdylag.pl\/?page_id=11829"},"modified":"2022-04-25T14:42:02","modified_gmt":"2022-04-25T12:42:02","slug":"sladem-oddzialu-partyzanckiego-now-ak-szczerbiec-w-beskidzie-myslenickim-1944","status":"publish","type":"page","link":"https:\/\/dariuszdylag.pl\/?page_id=11829","title":{"rendered":"\u015aladem oddzia\u0142u partyzanckiego NOW-AK &#8220;Szczerbiec&#8221; w Beskidzie My\u015blenickim 1944"},"content":{"rendered":"\n<p>\u015aladem oddzia\u0142u partyzanckiego NOW-AK &#8220;Szczerbiec&#8221; w Beskidzie My\u015blenickim 1944: Stryszowa-Podolany-Zalesiany-Dobczyce-Raciechowice-Sarnulki-Poznachowice G\u00f3rne-Glich\u00f3w-Czas\u0142aw-Wi\u015bniowa-G\u00f3ra \u015aw. Jana-Kawec-Szyk-S\u0142upia-Wieruszyce-Lubomierz-\u017beros\u0142awice-Kobylec-Zag\u00f3rzany-Gd\u00f3w.<\/p>\n\n\n\nngg_shortcode_0_placeholder\n\n\n\nngg_shortcode_1_placeholder\n","protected":false},"excerpt":{"rendered":"<p>\u015aladem oddzia\u0142u partyzanckiego NOW-AK &#8220;Szczerbiec&#8221; w Beskidzie My\u015blenickim 1944: Stryszowa-Podolany-Zalesiany-Dobczyce-Raciechowice-Sarnulki-Poznachowice G\u00f3rne-Glich\u00f3w-Czas\u0142aw-Wi\u015bniowa-G\u00f3ra \u015aw. Jana-Kawec-Szyk-S\u0142upia-Wieruszyce-Lubomierz-\u017beros\u0142awice-Kobylec-Zag\u00f3rzany-Gd\u00f3w.<\/p>\n","protected":false},"author":1,"featured_media":11861,"parent":0,"menu_order":0,"comment_status":"closed","ping_status":"closed","template":"","meta":{"ngg_post_thumbnail":0,"footnotes":""},"class_list":["post-11829","page","type-page","status-publish","has-post-thumbnail","czr-hentry"],"_links":{"self":[{"href":"https:\/\/dariuszdylag.pl\/index.php?rest_route=\/wp\/v2\/pages\/11829","targetHints":{"allow":["GET"]}}],"collection":[{"href":"https:\/\/dariuszdylag.pl\/index.php?rest_route=\/wp\/v2\/pages"}],"about":[{"href":"https:\/\/dariuszdylag.pl\/index.php?rest_route=\/wp\/v2\/types\/page"}],"author":[{"embeddable":true,"href":"https:\/\/dariuszdylag.pl\/index.php?rest_route=\/wp\/v2\/users\/1"}],"replies":[{"embeddable":true,"href":"https:\/\/dariuszdylag.pl\/index.php?rest_route=%2Fwp%2Fv2%2Fcomments&post=11829"}],"version-history":[{"count":3,"href":"https:\/\/dariuszdylag.pl\/index.php?rest_route=\/wp\/v2\/pages\/11829\/revisions"}],"predecessor-version":[{"id":14159,"href":"https:\/\/dariuszdylag.pl\/index.php?rest_route=\/wp\/v2\/pages\/11829\/revisions\/14159"}],"wp:featuredmedia":[{"embeddable":true,"href":"https:\/\/dariuszdylag.pl\/index.php?rest_route=\/wp\/v2\/media\/11861"}],"wp:attachment":[{"href":"https:\/\/dariuszdylag.pl\/index.php?rest_route=%2Fwp%2Fv2%2Fmedia&parent=11829"}],"curies":[{"name":"wp","href":"https:\/\/api.w.org\/{rel}","templated":true}]}}