{"id":11927,"date":"2022-01-04T22:09:01","date_gmt":"2022-01-04T21:09:01","guid":{"rendered":"https:\/\/dariuszdylag.pl\/?page_id=11927"},"modified":"2025-11-14T18:58:51","modified_gmt":"2025-11-14T17:58:51","slug":"muzeum-oreza-polskiego","status":"publish","type":"page","link":"https:\/\/dariuszdylag.pl\/?page_id=11927","title":{"rendered":"Uniformy i uzbrojenie 10. BK w Muzeum Or\u0119\u017ca Polskiego w Ko\u0142obrzegu"},"content":{"rendered":"\n<p>Muzeum posiada najbogatsz\u0105 w Polsce kolekcj\u0119 mundur\u00f3w \u017co\u0142nierzy polskich z okresu I i II wojny \u015bwiatowej (m.in. mundur polowy oficera 10. BK, ubi\u00f3r s\u0142u\u017cbowy mjr. Henryka Naimskiego ze Sztabu Naczelnego Wodza w Londynie, mundur z 1. Samodzielnej Brygady Spadochronowej gen. S. Sosabowskiego, ubi\u00f3r podoficera Pomocniczej Wojskowej S\u0142u\u017cby Kobiet, ubi\u00f3r kombatancki por. Aleksandra Karpi\u0144skiego z 10. pu\u0142ku huzar\u00f3w 1. Samodzielnej Wielkopolskiej Brygady Pancernej), w tym mundury Legion\u00f3w Polskich, B\u0142\u0119kitnej Armii gen. J. Hallera, Armii Wielkopolskiej oraz unikatowy zbi\u00f3r mundur\u00f3w oddzia\u0142\u00f3w paramilitarnych. Niekt\u00f3re egzemplarze s\u0105 unikatami w skali kraju: mundury oficer\u00f3w z 1. i 3. pu\u0142ku szwole\u017cer\u00f3w, mundur kpt. lotnictwa z lat 20., dwa zestawy mundurowe, polowy i s\u0142u\u017cbowy, po gen. bryg. Henryku A. Szychowskim. Na wystawie zobaczymy m.in.: 7.9 mm karabin ppanc wz. 1935 \u201eUR\u201d, b\u0119d\u0105cy rewelacj\u0105 na skal\u0119 \u015bwiatow\u0105 i jeden z najlepszych na \u015bwiecie 9 mm pistolet \u201eViS\u201d (\u0142ac. moc, si\u0142a, kt\u00f3rego nazwa pochodzi jednak od inicja\u0142\u00f3w konstruktor\u00f3w: P. Wilniewczyca i J. Skrzypi\u0144skiego),  niemieck\u0105 maszyn\u0119 szyfruj\u0105c\u0105 \u201eEnigma\u201d (kt\u00f3rej zasady dzia\u0142ania rozszyfrowali w grudniu 1932 r. polscy matematycy: Marian Rejewski, Jerzy R\u00f3\u017cycki i Henryk Zygalski), bro\u0144 powsta\u0144c\u00f3w warszawskich \u2013 pistolet maszynowy &#8220;B\u0142yskawica&#8221; kalibru 9 mm (opracowany przez polskich in\u017cynier\u00f3w: Wac\u0142awa Zawrotnego i Seweryna Wielaniera), szcz\u0105tki samolotu Halifax 2 ze 138. Dywizjonu Specjalnego Przeznaczenia (samolot w locie z Anglii do Polski uleg\u0142 wypadkowi nad terytorium Norwegii z 29\/30.10.1942 r.). Ciekawym eksponatem plenerowym jest czo\u0142g \u015bredni Pz Kpfw IV, kt\u00f3ry zosta\u0142 odkopany na terenie Kluczewa w 2011 r. (jest to jedyny oryginalny i prawie kompletny czo\u0142g niemiecki z tego okresu, kt\u00f3ry mo\u017cna zobaczy\u0107 w polskim muzeum).<\/p>\n\n\n\nngg_shortcode_0_placeholder\n\n<center><a href=\"https:\/\/buycoffee.to\/pan-dede\" target=\"_blank\"><img decoding=\"async\" src=\"https:\/\/buycoffee.to\/static\/img\/share\/share-button-dark.png\" style=\"width: 156px; height: 40px\" alt=\"Postaw mi kaw\u0119 na buycoffee.to\"\/><br \/><br \/><b>Je\u015bli podobaj\u0105 Ci si\u0119 publikowane tutaj tre\u015bci i chcesz wesprze\u0107 moj\u0105 prac\u0119, <br \/>mo\u017cesz postawi\u0107 mi wirtualn\u0105 kaw\u0119. <br \/><i>Mn\u00f3stwo serdeczno\u015bci!<\/i><\/b><\/a><\/center>","protected":false},"excerpt":{"rendered":"<p>Muzeum posiada najbogatsz\u0105 w Polsce kolekcj\u0119 mundur\u00f3w \u017co\u0142nierzy polskich z okresu I i II wojny \u015bwiatowej (m.in. mundur polowy oficera 10. BK, ubi\u00f3r s\u0142u\u017cbowy mjr. Henryka Naimskiego ze Sztabu Naczelnego Wodza w Londynie, mundur z 1. Samodzielnej Brygady Spadochronowej gen. S. Sosabowskiego, ubi\u00f3r podoficera Pomocniczej Wojskowej S\u0142u\u017cby Kobiet, ubi\u00f3r kombatancki por. Aleksandra Karpi\u0144skiego z 10. [&hellip;]<\/p>\n","protected":false},"author":1,"featured_media":11957,"parent":0,"menu_order":0,"comment_status":"closed","ping_status":"closed","template":"","meta":{"ngg_post_thumbnail":0,"footnotes":""},"class_list":["post-11927","page","type-page","status-publish","has-post-thumbnail","czr-hentry"],"_links":{"self":[{"href":"https:\/\/dariuszdylag.pl\/index.php?rest_route=\/wp\/v2\/pages\/11927","targetHints":{"allow":["GET"]}}],"collection":[{"href":"https:\/\/dariuszdylag.pl\/index.php?rest_route=\/wp\/v2\/pages"}],"about":[{"href":"https:\/\/dariuszdylag.pl\/index.php?rest_route=\/wp\/v2\/types\/page"}],"author":[{"embeddable":true,"href":"https:\/\/dariuszdylag.pl\/index.php?rest_route=\/wp\/v2\/users\/1"}],"replies":[{"embeddable":true,"href":"https:\/\/dariuszdylag.pl\/index.php?rest_route=%2Fwp%2Fv2%2Fcomments&post=11927"}],"version-history":[{"count":5,"href":"https:\/\/dariuszdylag.pl\/index.php?rest_route=\/wp\/v2\/pages\/11927\/revisions"}],"predecessor-version":[{"id":19774,"href":"https:\/\/dariuszdylag.pl\/index.php?rest_route=\/wp\/v2\/pages\/11927\/revisions\/19774"}],"wp:featuredmedia":[{"embeddable":true,"href":"https:\/\/dariuszdylag.pl\/index.php?rest_route=\/wp\/v2\/media\/11957"}],"wp:attachment":[{"href":"https:\/\/dariuszdylag.pl\/index.php?rest_route=%2Fwp%2Fv2%2Fmedia&parent=11927"}],"curies":[{"name":"wp","href":"https:\/\/api.w.org\/{rel}","templated":true}]}}