{"id":12049,"date":"2022-01-04T22:57:59","date_gmt":"2022-01-04T21:57:59","guid":{"rendered":"https:\/\/dariuszdylag.pl\/?page_id=12049"},"modified":"2025-11-14T18:58:19","modified_gmt":"2025-11-14T17:58:19","slug":"instytut-polski-i-muzeum-sikorskiego","status":"publish","type":"page","link":"https:\/\/dariuszdylag.pl\/?page_id=12049","title":{"rendered":"Instytut Polski i Muzeum Sikorskiego"},"content":{"rendered":"\n<p><\/p><p>Instytut Historyczny im. gen. Sikorskiego formalnie powsta\u0142 2 maja 1945 roku, gdy podpisano umow\u0119 stanowi\u0105c\u0105 podstaw\u0119 organizacji Instytutu. Na jej mocy Helena Sikorska, wdowa po generale W\u0142adys\u0142awie Sikorskim, przekaza\u0142a na r\u0119ce dwunastu wybranych cz\u0142onk\u00f3w Komitetu Organizacyjnego piecz\u0119 nad pami\u0105tkami po m\u0119\u017cu. Zadaniem Komitetu by\u0142o zapewnienie opieki nad tymi pami\u0105tkami i zorganizowanie Instytutu, maj\u0105ce za zadanie, badanie dzia\u0142alno\u015bci gen. Sikorskiego i czas\u00f3w w kt\u00f3rych \u017cy\u0142. Komitet Organizacyjny tworzy\u0142 pierwsz\u0105 Rad\u0119 Instytutu. Na jej czele stan\u0105\u0142 Earl of Elgin i Kincardine, prezes Towarzystwa Polsko-Szkockiego. G\u0142\u00f3wnym inicjatorem powstania Instytutu by\u0142 pp\u0142k dypl. Zygmunt Borkowski, by\u0142y szef Gabinetu Naczelnego Wodza, a nast\u0119pnie szef S\u0142u\u017cby Archiwalno Muzealnej PSZ (1944-1948). By\u0142 on pierwszym dyrektorem Instytutu do 1956 roku. Nowo powsta\u0142a instytucja z punktu prawnego by\u0142a i pozostaje instytucj\u0105 powiernicz\u0105 i ma status organizacji \u201echarity\u201d. Aby zabezpieczy\u0107 zbiory przed naciskami w\u0142adz brytyjskich, jak i re\u017cimu warszawskiego, unikni\u0119to powo\u0142ania jej przez w\u0142adze pa\u0144stwowe RP \u2013 w\u00f3wczas urz\u0119duj\u0105ce w Londynie. Na pierwszym zebraniu Rady Instytutu 13 grudnia 1945 roku, p\u0142k Stanis\u0142aw Szurlej nawi\u0105zuj\u0105c do instytucji o podobnym charakterze, tj. Biblioteki Polskiej w Pary\u017cu i Muzeum Polskiego w Rapperswilu, podkre\u015bli\u0142, \u017ce wsp\u00f3lnym \u201ecelem tych instytucji jest zbieranie dokument\u00f3w historycznych \u015bwiadcz\u0105cych o wk\u0142adzie Polski do og\u00f3lnej kultury ludzko\u015bci, a je\u015bli chodzi o obecny Instytut do tej wojny w szczeg\u00f3lno\u015bci. Nazwany zosta\u0142 Instytutem imienia Genera\u0142a Sikorskiego dlatego, \u017ce podstaw\u0105 Instytutu by\u0142y pami\u0105tki po Generale przekazane przez Genera\u0142ow\u0105 Sikorsk\u0105, a po wt\u00f3re, \u017ce imi\u0119 Genera\u0142a nieroz\u0142\u0105cznie zwi\u0105zane jest z udzia\u0142em Polski w tej wojnie, rami\u0119 przy ramieniu z brytyjskimi i ameryka\u0144skimi aliantami. Te same powody by\u0142y przyczyn\u0105 uprawnie\u0144 Genera\u0142owej Sikorskiej w Instytucie\u201d. W 1946 roku zakupiono gmach przy 20 Prince&#8217;s Gate, a 9 lipca 1947 roku ks. pra\u0142at W. Cie\u0144ski dokona\u0142 po\u015bwi\u0119cenia budynku, po czym wprowadzono sztandary PSZ, kt\u00f3re zawis\u0142y obok sztandar\u00f3w WP sprzed 1939 roku.<\/p> Za stron\u0105<em> www.pism.co.uk\/historia.htm<\/em>.\n\n\n\nngg_shortcode_0_placeholder\n\n\n<center><a href=\"https:\/\/buycoffee.to\/pan-dede\" target=\"_blank\"><img decoding=\"async\" src=\"https:\/\/buycoffee.to\/static\/img\/share\/share-button-dark.png\" style=\"width: 156px; height: 40px\" alt=\"Postaw mi kaw\u0119 na buycoffee.to\"\/><br \/><br \/><b>Je\u015bli podobaj\u0105 Ci si\u0119 publikowane tutaj tre\u015bci i chcesz wesprze\u0107 moj\u0105 prac\u0119, <br \/>mo\u017cesz postawi\u0107 mi wirtualn\u0105 kaw\u0119. <br \/><i>Mn\u00f3stwo serdeczno\u015bci!<\/i><\/b><\/a><\/center>","protected":false},"excerpt":{"rendered":"<p>Instytut Historyczny im. gen. Sikorskiego formalnie powsta\u0142 2 maja 1945 roku, gdy podpisano umow\u0119 stanowi\u0105c\u0105 podstaw\u0119 organizacji Instytutu. Na jej mocy Helena Sikorska, wdowa po generale W\u0142adys\u0142awie Sikorskim, przekaza\u0142a na r\u0119ce dwunastu wybranych cz\u0142onk\u00f3w Komitetu Organizacyjnego piecz\u0119 nad pami\u0105tkami po m\u0119\u017cu. Zadaniem Komitetu by\u0142o zapewnienie opieki nad tymi pami\u0105tkami i zorganizowanie Instytutu, maj\u0105ce za zadanie, [&hellip;]<\/p>\n","protected":false},"author":1,"featured_media":12090,"parent":0,"menu_order":0,"comment_status":"closed","ping_status":"closed","template":"","meta":{"ngg_post_thumbnail":0,"footnotes":""},"class_list":["post-12049","page","type-page","status-publish","has-post-thumbnail","czr-hentry"],"_links":{"self":[{"href":"https:\/\/dariuszdylag.pl\/index.php?rest_route=\/wp\/v2\/pages\/12049","targetHints":{"allow":["GET"]}}],"collection":[{"href":"https:\/\/dariuszdylag.pl\/index.php?rest_route=\/wp\/v2\/pages"}],"about":[{"href":"https:\/\/dariuszdylag.pl\/index.php?rest_route=\/wp\/v2\/types\/page"}],"author":[{"embeddable":true,"href":"https:\/\/dariuszdylag.pl\/index.php?rest_route=\/wp\/v2\/users\/1"}],"replies":[{"embeddable":true,"href":"https:\/\/dariuszdylag.pl\/index.php?rest_route=%2Fwp%2Fv2%2Fcomments&post=12049"}],"version-history":[{"count":4,"href":"https:\/\/dariuszdylag.pl\/index.php?rest_route=\/wp\/v2\/pages\/12049\/revisions"}],"predecessor-version":[{"id":19773,"href":"https:\/\/dariuszdylag.pl\/index.php?rest_route=\/wp\/v2\/pages\/12049\/revisions\/19773"}],"wp:featuredmedia":[{"embeddable":true,"href":"https:\/\/dariuszdylag.pl\/index.php?rest_route=\/wp\/v2\/media\/12090"}],"wp:attachment":[{"href":"https:\/\/dariuszdylag.pl\/index.php?rest_route=%2Fwp%2Fv2%2Fmedia&parent=12049"}],"curies":[{"name":"wp","href":"https:\/\/api.w.org\/{rel}","templated":true}]}}