{"id":13632,"date":"2022-02-06T13:46:48","date_gmt":"2022-02-06T12:46:48","guid":{"rendered":"https:\/\/dariuszdylag.pl\/?page_id=13632"},"modified":"2025-12-25T15:20:58","modified_gmt":"2025-12-25T14:20:58","slug":"mogila-%c2%b7-cystersi","status":"publish","type":"page","link":"https:\/\/dariuszdylag.pl\/?page_id=13632","title":{"rendered":"MOGI\u0141A \u00b7 cystersi"},"content":{"rendered":"\n<h2 class=\"wp-block-heading\">Opowie\u015b\u0107 czwarta<\/h2>\n\n\n\n<figure class=\"wp-block-audio\"><audio controls src=\"https:\/\/dariuszdylag.pl\/audio\/mogila.mp3\"><\/audio><\/figure>\n\n\n\nngg_shortcode_0_placeholder\n\n\n\n<p>Opactwo OO. Cysters\u00f3w w Mogile posiada cenne archiwum r\u0119kopis\u00f3w, inkunabu\u0142\u00f3w i starodruk\u00f3w. Na pocz. XX w. wydano drukiem katalog samego <strong><a href=\"https:\/\/dariuszdylag.pl\/pdf\/katalog-archiwum-cystersow-mogila.pdf\" target=\"_blank\" rel=\"noreferrer noopener\">ARCHIWUM<\/a><\/strong>, jak r\u00f3wnie\u017c katalog <strong><a href=\"https:\/\/dariuszdylag.pl\/pdf\/katalog-inkunabulow-cystersi-mogila.pdf\" target=\"_blank\" rel=\"noreferrer noopener\">INKUNABU\u0141\u00d3W<\/a><\/strong>.<\/p>\n\n\n<center><br \/><a href=\"https:\/\/buycoffee.to\/pan-dede\" target=\"_blank\"><img decoding=\"async\" src=\"https:\/\/buycoffee.to\/static\/img\/share\/share-button-dark.png\" style=\"width: 156px; height: 40px\" alt=\"Postaw mi kaw\u0119 na buycoffee.to\"\/><br \/><br \/><b>Je\u015bli podobaj\u0105 Ci si\u0119 publikowane tutaj tre\u015bci i chcesz wesprze\u0107 moj\u0105 prac\u0119, <br \/>mo\u017cesz postawi\u0107 mi wirtualn\u0105 kaw\u0119. <br \/><i>Mn\u00f3stwo serdeczno\u015bci!<\/i><\/b><\/a><\/center>","protected":false},"excerpt":{"rendered":"<p>Opowie\u015b\u0107 czwarta Opactwo OO. Cysters\u00f3w w Mogile posiada cenne archiwum r\u0119kopis\u00f3w, inkunabu\u0142\u00f3w i starodruk\u00f3w. Na pocz. XX w. wydano drukiem katalog samego ARCHIWUM, jak r\u00f3wnie\u017c katalog INKUNABU\u0141\u00d3W. Je\u015bli podobaj\u0105 Ci si\u0119 publikowane tutaj tre\u015bci i chcesz wesprze\u0107 moj\u0105 prac\u0119, mo\u017cesz postawi\u0107 mi wirtualn\u0105 kaw\u0119. Mn\u00f3stwo serdeczno\u015bci!<\/p>\n","protected":false},"author":1,"featured_media":19278,"parent":5668,"menu_order":4,"comment_status":"closed","ping_status":"closed","template":"","meta":{"ngg_post_thumbnail":0,"footnotes":""},"class_list":["post-13632","page","type-page","status-publish","has-post-thumbnail","czr-hentry"],"_links":{"self":[{"href":"https:\/\/dariuszdylag.pl\/index.php?rest_route=\/wp\/v2\/pages\/13632","targetHints":{"allow":["GET"]}}],"collection":[{"href":"https:\/\/dariuszdylag.pl\/index.php?rest_route=\/wp\/v2\/pages"}],"about":[{"href":"https:\/\/dariuszdylag.pl\/index.php?rest_route=\/wp\/v2\/types\/page"}],"author":[{"embeddable":true,"href":"https:\/\/dariuszdylag.pl\/index.php?rest_route=\/wp\/v2\/users\/1"}],"replies":[{"embeddable":true,"href":"https:\/\/dariuszdylag.pl\/index.php?rest_route=%2Fwp%2Fv2%2Fcomments&post=13632"}],"version-history":[{"count":8,"href":"https:\/\/dariuszdylag.pl\/index.php?rest_route=\/wp\/v2\/pages\/13632\/revisions"}],"predecessor-version":[{"id":19831,"href":"https:\/\/dariuszdylag.pl\/index.php?rest_route=\/wp\/v2\/pages\/13632\/revisions\/19831"}],"up":[{"embeddable":true,"href":"https:\/\/dariuszdylag.pl\/index.php?rest_route=\/wp\/v2\/pages\/5668"}],"wp:featuredmedia":[{"embeddable":true,"href":"https:\/\/dariuszdylag.pl\/index.php?rest_route=\/wp\/v2\/media\/19278"}],"wp:attachment":[{"href":"https:\/\/dariuszdylag.pl\/index.php?rest_route=%2Fwp%2Fv2%2Fmedia&parent=13632"}],"curies":[{"name":"wp","href":"https:\/\/api.w.org\/{rel}","templated":true}]}}