{"id":14102,"date":"2022-04-25T11:52:33","date_gmt":"2022-04-25T09:52:33","guid":{"rendered":"https:\/\/dariuszdylag.pl\/?page_id=14102"},"modified":"2025-12-25T15:16:55","modified_gmt":"2025-12-25T14:16:55","slug":"z-archiwum-dariusza-dylaga","status":"publish","type":"page","link":"https:\/\/dariuszdylag.pl\/?page_id=14102","title":{"rendered":"Z Archiwum Dariusza Dyl\u0105ga"},"content":{"rendered":"<p style=\"text-align: justify;\">Polskie Towarzystwo Historyczne Oddzia\u0142 w My\u015blenicach z powod\u00f3w jak ni\u017cej postanowi\u0142o udost\u0119pni\u0107 w sieci Internet fragment <strong>Archiwum Dariusza Dyl\u0105ga<\/strong>. Tak si\u0119 bowiem z\u0142o\u017cy\u0142o, \u017ce od jakiego\u015b czasu zbi\u00f3r jednego z naszych cz\u0142onk\u00f3w zacz\u0105\u0142 funkcjonowa\u0107 w tzw. szerszym obiegu absolutnie mylnie opisany i do tego pozbawiony w\u0142a\u015bciwych sygnatur. Po raz pierwszy owe b\u0142\u0119dne wpisy pojawi\u0142y si\u0119 na stronach IPN-u jako tzw. &#8220;kolekcja Zofii Horody\u0144skiej w zbiorach Muzeum Regionalnego Dom Grecki w My\u015blenicach&#8221; (zob. <a href=\"https:\/\/ipn.gov.pl\/strony-zewnetrzne\/wystawy\/akcja_burza\/html\/wzgrupowaniukamiennik.html\">https:\/\/ipn.gov.pl\/strony-zewnetrzne\/wystawy\/akcja_burza\/html\/wzgrupowaniukamiennik.html<\/a>). Ot\u00f3\u017c nie mo\u017cna m\u00f3wi\u0107 o \u017cadnej kolekcji Zofii Horody\u0144skiej dost\u0119pnej na stronach ipn.gov.pl. To kolejny b\u0142\u0105d wytworzony i powielony na opracowanej przez T. G\u0105siorowskiego wystawie IPN (patrz grafika obok).<a href=\"https:\/\/dariuszdylag.pl\/wp-content\/uploads\/2022\/04\/wystawa-ipn-gasiorowski-01.jpg\"><img loading=\"lazy\" decoding=\"async\" class=\"alignright wp-image-258 size-medium\" src=\"https:\/\/dariuszdylag.pl\/wp-content\/uploads\/2022\/04\/wystawa-ipn-gasiorowski-01.jpg\" alt=\"\" width=\"300\" height=\"216\"\/><\/a> Bowiem skany archiwalnych fotografii, pochodz\u0105ce ze zbior\u00f3w Muzeum Regionalnego \u201eDom Grecki\u201d w My\u015blenicach, wraz z odpowiednimi sygnaturami, przekaza\u0142 osobi\u015bcie w 2001 r. do Muzeum AK w Krakowie nasz cz\u0142onek Dariusz Dyl\u0105g (patrz stosowny <a href=\"https:\/\/dariuszdylag.pl\/wp-content\/uploads\/2022\/04\/add-sygn-4201-3-2001-rewers.pdf\">REWERS<\/a>). Nale\u017cy zatem stosowa\u0107 pierwotne sygnatury Archiwum Muzeum Regionalnego (AMR) w My\u015blenicach. Po\u015br\u00f3d nich by\u0142o r\u00f3wnie\u017c kilka zeskanowanych zdj\u0119\u0107 bez sygnatur, kt\u00f3re otrzyma\u0142 bezpo\u015brednio od Zofii Horody\u0144skiej i tylko te stanowi\u0142y w\u0142a\u015bciw\u0105 Jej kolekcj\u0119. To\u017csame skany otrzyma\u0142o wydawnictwo G\u0105siorowskich, kt\u00f3re opublikowa\u0142o <em>Dziennik \u201eStok\u0142osy\u201d 1944<\/em>. Publikujemy zatem fragment Archiwum Dariusza Dyl\u0105ga w celu udost\u0119pnienia og\u00f3\u0142owi historyk\u00f3w i badaczy stosownych zapis\u00f3w sygnaturowych dla wybranych zbior\u00f3w archiwalnych fotografii. Udost\u0119pniamy je r\u00f3wnie\u017c ca\u0142kowicie bezp\u0142atnie w wysokiej rozdzielczo\u015bci i bez znak\u00f3w wodnych w celu ewentualnej publikacji przez badaczy pod warunkiem powo\u0142ania si\u0119 na niniejszy zbi\u00f3r oraz przytoczenia stosownej sygnatury. Wystarczy skontaktowa\u0107 si\u0119 mejlowo z Oddzia\u0142em Polskiego Towarzystwa Historycznego w My\u015blenicach.<\/p>\n<p>Poni\u017cej jeden z b\u0142\u0119dnych opis\u00f3w z wystawy IPN:<\/p>\n<div id=\"attachment_261\" style=\"width: 310px\" class=\"wp-caption aligncenter\"><a href=\"https:\/\/dariuszdylag.pl\/wp-content\/uploads\/2022\/04\/odznaka-smialego.jpg\"><img loading=\"lazy\" decoding=\"async\" aria-describedby=\"caption-attachment-261\" class=\"wp-image-261 size-medium\" src=\"https:\/\/dariuszdylag.pl\/wp-content\/uploads\/2022\/04\/odznaka-smialego.jpg\" alt=\"Chodzi oczywi\u015bcie o odznak\u0119 oddzia\u0142u partyzanckiego AK &quot;\u015amia\u0142y&quot;\" width=\"300\" height=\"194\"\/><\/a><p id=\"caption-attachment-261\" class=\"wp-caption-text\">Chodzi oczywi\u015bcie o odznak\u0119 oddzia\u0142u partyzanckiego AK &#8220;\u015amia\u0142y&#8221;<\/p><\/div>\n\n\n<p><em>Z <strong>Archiwum Dariusz Dyl\u0105ga<\/strong>:<\/em><\/p>\n<p style=\"text-align: center;\"><a href=\"https:\/\/dariuszdylag.pl\/wp-content\/uploads\/2022\/04\/add-sygn-4201-3-2001-rewers.pdf\"><img loading=\"lazy\" decoding=\"async\" class=\"alignnone size-medium wp-image-205\" src=\"https:\/\/dariuszdylag.pl\/wp-content\/uploads\/2022\/04\/add-sygn-4201-3-2001-rewers-maly.jpg\" alt=\"\" width=\"212\" height=\"300\"\/><\/a><\/p>Archiwum Dariusza Dyl\u0105ga [dalej: ADD], sygn. 4201.VI.3.2001, <em>Wypo\u017cyczenie Muzeum AK w Krakowie dokument\u00f3w, fotografii i opracowa\u0144. Rewers G\u0142. Inwentaryzatora Muzeum AK, mgr Anny Radeckiej<\/em>, Krak\u00f3w 29 III 2001.<p style=\"text-align: center;\"><a href=\"https:\/\/dariuszdylag.pl\/wp-content\/uploads\/2022\/04\/add-sygn-3201-8-1994.pdf\"><img loading=\"lazy\" decoding=\"async\" class=\"alignnone size-medium wp-image-212\" src=\"https:\/\/dariuszdylag.pl\/wp-content\/uploads\/2022\/04\/add-sygn-3201-8-1994-male-300x212.jpg\" alt=\"\" width=\"300\" height=\"212\"\/><\/a><\/p>ADD, sygn. 3201.IV.8.1994, <em>List Zofii Horody\u0144skiej do Dariusza Dyl\u0105ga<\/em>, [Pary\u017c] 13 VII 1994, p. 8.<p style=\"text-align: center;\"><a href=\"https:\/\/dariuszdylag.pl\/wp-content\/uploads\/2022\/04\/add-sygn-3201-53a-1994.pdf\"><img loading=\"lazy\" decoding=\"async\" class=\"alignnone size-medium wp-image-215\" src=\"https:\/\/dariuszdylag.pl\/wp-content\/uploads\/2022\/04\/add-sygn-3201-53-1994-male-209x300.jpg\" alt=\"\" width=\"209\" height=\"300\"\/><\/a><\/p>ADD, sygn. 3201.IV.53a.1994, <em>Zofia Horody\u0144ska, <\/em>awers, 1960.<p style=\"text-align: center;\"><a href=\"https:\/\/dariuszdylag.pl\/wp-content\/uploads\/2022\/04\/add-sygn-3201-53b-1994.pdf\"><img loading=\"lazy\" decoding=\"async\" class=\"alignnone wp-image-218\" src=\"https:\/\/dariuszdylag.pl\/wp-content\/uploads\/2022\/04\/add-sygn-3201-53b-1994-male-199x300.jpg\" alt=\"\" width=\"184\" height=\"277\"\/><\/a><\/p>ADD, sygn. 3201.IV.53b.1994, <em>Zofia Horody\u0144ska, <\/em>rewers, 1960.<p style=\"text-align: center;\"><a href=\"https:\/\/dariuszdylag.pl\/wp-content\/uploads\/2022\/04\"><img loading=\"lazy\" decoding=\"async\" class=\"alignnone size-medium wp-image-221\" src=\"https:\/\/dariuszdylag.pl\/wp-content\/uploads\/2022\/04\/add-sygn-3201-54-1994-male-203x300.jpg\" alt=\"\" width=\"203\" height=\"300\"\/><\/a><\/p>ADD, sygn. 3201.IV.54a.1994, <em>Zofia Horody\u0144ska, <\/em>awers, Rzym 1944.<p style=\"text-align: center;\"><a href=\"https:\/\/dariuszdylag.pl\/wp-content\/uploads\/2022\/04\/add-sygn-3201-54b-1994.pdf\"><img loading=\"lazy\" decoding=\"async\" class=\"alignnone size-medium wp-image-224\" src=\"https:\/\/dariuszdylag.pl\/wp-content\/uploads\/2022\/04\/add-sygn-3201-54b-1994-male-211x300.jpg\" alt=\"\" width=\"211\" height=\"300\"\/><\/a><\/p>ADD, sygn. 3201.IV.54b.1994, <em>Zofia Horody\u0144ska, <\/em>rewers, Rzym 1944.<p style=\"text-align: center;\"><a href=\"https:\/\/dariuszdylag.pl\/wp-content\/uploads\/2022\/04\/add-sygn-2201-III-12a-1944.pdf\"><img loading=\"lazy\" decoding=\"async\" class=\"alignnone size-medium wp-image-229\" src=\"https:\/\/dariuszdylag.pl\/wp-content\/uploads\/2022\/04\/add-sygn-2201-III-12a-1944-male-300x192.jpg\" alt=\"\" width=\"300\" height=\"192\"\/><\/a><\/p><p style=\"text-align: left;\">ADD, sygn. 2201.III.12a.1944, <em>Pchor. Zbigniew Banach\u2013Buk, por. Wincenty Horody\u0144ski\u2013Ko\u015bciesza, pchor. Zbigniew Konopka\u2013\u0141oso\u015b, por. Juliusz Oczko\u2013Podkowa, <\/em>awers, 1944.<\/p><p style=\"text-align: center;\"><a href=\"https:\/\/dariuszdylag.pl\/wp-content\/uploads\/2022\/04\/add-sygn-2201-III-12b-1944.pdf\"><img loading=\"lazy\" decoding=\"async\" class=\"alignnone size-medium wp-image-233\" src=\"https:\/\/dariuszdylag.pl\/wp-content\/uploads\/2022\/04\/add-sygn-2201-III-12b-1944-male-300x191.jpg\" alt=\"\" width=\"300\" height=\"191\"\/><\/a><\/p><p style=\"text-align: left;\">ADD, sygn. 2201.III.12b.1944, <em>Pchor. Zbigniew Banach\u2013Buk, por. Wincenty Horody\u0144ski\u2013Ko\u015bciesza, pchor. Zbigniew Konopka\u2013\u0141oso\u015b, por. Juliusz Oczko\u2013Podkowa, <\/em>rewers, 1944.<\/p><p style=\"text-align: center;\"><img loading=\"lazy\" decoding=\"async\" class=\"alignnone size-medium wp-image-236\" src=\"https:\/\/dariuszdylag.pl\/wp-content\/uploads\/2022\/04\/add-sygn-2201-III-13a-1944-male-300x205.jpg\" alt=\"\" width=\"300\" height=\"205\"\/><\/p>ADD, sygn. 2201.III.13a.1944, <em>Por. Wincenty Horody\u0144ski\u2013Ko\u015bciesza, por. Antoni W\u0119grzyn\u2013Ostroga, pchor. Zbigniew Banach\u2013Buk, <\/em>awers, 1944.<p style=\"text-align: center;\"><img loading=\"lazy\" decoding=\"async\" class=\"alignnone size-medium wp-image-237\" src=\"https:\/\/dariuszdylag.pl\/wp-content\/uploads\/2022\/04\/add-sygn-2201-III-13b-1944-male-300x206.jpg\" alt=\"\" width=\"300\" height=\"206\"\/><\/p>ADD, sygn. 2201.III.13b.1944, <em>Por. Wincenty Horody\u0144ski\u2013Ko\u015bciesza, por. Antoni W\u0119grzyn\u2013Ostroga, pchor. Zbigniew Banach\u2013Buk, <\/em>rewers, 1944.<p style=\"text-align: center;\"><img loading=\"lazy\" decoding=\"async\" class=\"alignnone size-medium wp-image-246\" src=\"https:\/\/dariuszdylag.pl\/wp-content\/uploads\/2022\/04\/add-sygn-2201-III-14a-1944-male-300x208.jpg\" alt=\"\" width=\"300\" height=\"208\"\/><\/p>ADD, sygn. 2201.III.14a.1944,&nbsp;<em> Uroczysto\u015b\u0107 3 wrze\u015bnia 1944 r. 2. od lewej: por. Wincenty Horody\u0144ski\u2013Ko\u015bciesza, 5. od lewej: pchor. Konrad Koz\u0142owski\u2013Mitmar, <\/em>awers, Sucha Polana 3 IX 1944.<p style=\"text-align: center;\"><img loading=\"lazy\" decoding=\"async\" class=\"alignnone size-medium wp-image-248\" src=\"https:\/\/dariuszdylag.pl\/wp-content\/uploads\/2022\/04\/add-sygn-2201-III-14b-1944-male-300x205.jpg\" alt=\"\" width=\"300\" height=\"205\"\/><\/p>ADD, sygn. 2201.III.14b.1944,&nbsp;<em> Uroczysto\u015b\u0107 3 wrze\u015bnia 1944 r. 2. od lewej: por. Wincenty Horody\u0144ski\u2013Ko\u015bciesza, 5. od lewej: pchor. Konrad Koz\u0142owski\u2013Mitmar, <\/em>rewers, Sucha Polana 3 IX 1944.<p style=\"text-align: center;\"><img loading=\"lazy\" decoding=\"async\" class=\"alignnone size-medium wp-image-249\" src=\"https:\/\/dariuszdylag.pl\/wp-content\/uploads\/2022\/04\/add-sygn-2201-III-15a-1944-male-175x300.jpg\" alt=\"\" width=\"175\" height=\"300\"\/><\/p>ADD, sygn. 2201.III.15a.1944, <em>P<\/em><em>or. Korfel\u2013Lisowski, por. Antoni W\u0119grzyn\u2013Ostroga, <\/em>awers, 1944.<p style=\"text-align: center;\"><img loading=\"lazy\" decoding=\"async\" class=\"alignnone size-medium wp-image-250\" src=\"https:\/\/dariuszdylag.pl\/wp-content\/uploads\/2022\/04\/add-sygn-2201-III-15b-1944-male-169x300.jpg\" alt=\"\" width=\"169\" height=\"300\"\/><\/p>ADD, sygn. 2201.III.15b.1944, <em>P<\/em><em>or. Korfel\u2013Lisowski, por. Antoni W\u0119grzyn\u2013Ostroga, <\/em>rewers, 1944.<p style=\"text-align: center;\"><img loading=\"lazy\" decoding=\"async\" class=\"alignnone size-medium wp-image-252\" src=\"https:\/\/dariuszdylag.pl\/wp-content\/uploads\/2022\/04\/add-sygn-2201-III-16a-1944-male-193x300.jpg\" alt=\"\" width=\"193\" height=\"300\"\/><\/p>ADD, sygn. 2201.III.16a.1944, <em>Strz. Aleksander \u0141empicki\u2013Junosza<\/em><em>, <\/em>awers, 1944.<p style=\"text-align: center;\"><img loading=\"lazy\" decoding=\"async\" class=\"alignnone size-medium wp-image-253\" src=\"https:\/\/dariuszdylag.pl\/wp-content\/uploads\/2022\/04\/add-sygn-2201-III-16b-1944-male-196x300.jpg\" alt=\"\" width=\"196\" height=\"300\"\/><\/p>ADD, sygn. 2201.III.16b.1944, <em>Strz. Aleksander \u0141empicki\u2013Junosza<\/em><em>, <\/em>rewers, 1944.<p style=\"text-align: center;\"><a href=\"https:\/\/dariuszdylag.pl\/wp-content\/uploads\/2022\/04\/add-sygn-4201-V-33a-1997.pdf\"><img loading=\"lazy\" decoding=\"async\" class=\"alignnone size-medium wp-image-239\" src=\"https:\/\/dariuszdylag.pl\/wp-content\/uploads\/2022\/04\/add-sygn-4201-V-33a-1997-male-300x116.jpg\" alt=\"\" width=\"300\" height=\"116\"\/><\/a><\/p>ADD, sygn. 4201.V.33a.1997, <em>Zaproszenie na Sympozjum Historyczne. 30. rocznica powstania Ko\u0142a Przewodnik\u00f3w Beskidzkich i Terenowych im. dra Tadeusza Prus\u2013Wi\u015bniowskiego w My\u015blenicach 1967-1997<\/em>, awers, My\u015blenice 14 VI 1997.<p style=\"text-align: center;\"><a href=\"https:\/\/dariuszdylag.pl\/wp-content\/uploads\/2022\/04\/add-sygn-4201-V-33b-1997.pdf\"><img loading=\"lazy\" decoding=\"async\" class=\"alignnone size-medium wp-image-240\" src=\"https:\/\/dariuszdylag.pl\/wp-content\/uploads\/2022\/04\/add-sygn-4201-V-33b-1997-male-300x108.jpg\" alt=\"\" width=\"300\" height=\"108\"\/><\/a><\/p>ADD, sygn. 4201.V.33b.1997, <em>Zaproszenie na Sympozjum Historyczne. 30. rocznica powstania Ko\u0142a Przewodnik\u00f3w Beskidzkich i Terenowych im. dra Tadeusza Prus\u2013Wi\u015bniowskiego w My\u015blenicach 1967-1997<\/em>, rewers, My\u015blenice 14 VI 1997.<p style=\"text-align: right;\"><em>Ci\u0105g dalszy wkr\u00f3tce&#8230;<\/em><\/p>\n\n<center><br \/><a href=\"https:\/\/buycoffee.to\/pan-dede\" target=\"_blank\"><img decoding=\"async\" src=\"https:\/\/buycoffee.to\/static\/img\/share\/share-button-dark.png\" style=\"width: 156px; height: 40px\" alt=\"Postaw mi kaw\u0119 na buycoffee.to\"\/><br \/><br \/><b>Je\u015bli podobaj\u0105 Ci si\u0119 publikowane tutaj tre\u015bci i chcesz wesprze\u0107 moj\u0105 prac\u0119, <br \/>mo\u017cesz postawi\u0107 mi wirtualn\u0105 kaw\u0119. <br \/><i>Mn\u00f3stwo serdeczno\u015bci!<\/i><\/b><\/a><\/center>","protected":false},"excerpt":{"rendered":"<p>Polskie Towarzystwo Historyczne Oddzia\u0142 w My\u015blenicach z powod\u00f3w jak ni\u017cej postanowi\u0142o udost\u0119pni\u0107 w sieci Internet fragment Archiwum Dariusza Dyl\u0105ga. Tak si\u0119 bowiem z\u0142o\u017cy\u0142o, \u017ce od jakiego\u015b czasu zbi\u00f3r jednego z naszych cz\u0142onk\u00f3w zacz\u0105\u0142 funkcjonowa\u0107 w tzw. szerszym obiegu absolutnie mylnie opisany i do tego pozbawiony w\u0142a\u015bciwych sygnatur. Po raz pierwszy owe b\u0142\u0119dne wpisy pojawi\u0142y si\u0119 [&hellip;]<\/p>\n","protected":false},"author":1,"featured_media":0,"parent":0,"menu_order":0,"comment_status":"closed","ping_status":"closed","template":"","meta":{"ngg_post_thumbnail":0,"footnotes":""},"class_list":["post-14102","page","type-page","status-publish","czr-hentry"],"_links":{"self":[{"href":"https:\/\/dariuszdylag.pl\/index.php?rest_route=\/wp\/v2\/pages\/14102","targetHints":{"allow":["GET"]}}],"collection":[{"href":"https:\/\/dariuszdylag.pl\/index.php?rest_route=\/wp\/v2\/pages"}],"about":[{"href":"https:\/\/dariuszdylag.pl\/index.php?rest_route=\/wp\/v2\/types\/page"}],"author":[{"embeddable":true,"href":"https:\/\/dariuszdylag.pl\/index.php?rest_route=\/wp\/v2\/users\/1"}],"replies":[{"embeddable":true,"href":"https:\/\/dariuszdylag.pl\/index.php?rest_route=%2Fwp%2Fv2%2Fcomments&post=14102"}],"version-history":[{"count":19,"href":"https:\/\/dariuszdylag.pl\/index.php?rest_route=\/wp\/v2\/pages\/14102\/revisions"}],"predecessor-version":[{"id":19828,"href":"https:\/\/dariuszdylag.pl\/index.php?rest_route=\/wp\/v2\/pages\/14102\/revisions\/19828"}],"wp:attachment":[{"href":"https:\/\/dariuszdylag.pl\/index.php?rest_route=%2Fwp%2Fv2%2Fmedia&parent=14102"}],"curies":[{"name":"wp","href":"https:\/\/api.w.org\/{rel}","templated":true}]}}