{"id":176,"date":"2012-03-28T00:10:28","date_gmt":"2012-03-27T22:10:28","guid":{"rendered":"http:\/\/dariuszdylag.pl\/?page_id=176"},"modified":"2025-11-14T18:51:02","modified_gmt":"2025-11-14T17:51:02","slug":"dariusz-dylag-gorganolog-historyk-publicysta-przewodnik","status":"publish","type":"page","link":"https:\/\/dariuszdylag.pl\/?page_id=176","title":{"rendered":"O mnie"},"content":{"rendered":"\n<p><img loading=\"lazy\" decoding=\"async\" width=\"185\" height=\"265\" border=\"0\" class=\"alignleft\" style=\"border: 0pt none;\" src=\"https:\/\/dariuszdylag.pl\/wp-content\/uploads\/2025\/01\/korona-bm.jpg\" alt=\"\"\/> <strong>Dariusz Dyl\u0105g<\/strong> \u2013 przewodnik karpacki (beskidzki i tatrza\u0144ski), przewodnik terenowy po woj. ma\u0142opolskim, pilot wycieczek, instruktor przewodnictwa i krajoznawstwa PTTK, honorowy przodownik turystyki g\u00f3rskiej PTTK (z uprawnieniami na Beskidy Wschodnie, Beskidy Zachodnie i Tatry), geograf (specjalizacja: sozologia), informatyk (specjalizacja: sieci komputerowe), gorganolog (doktorat z historii turystyki i krajoznawstwa w Gorganach), vincenzolog (wsp\u00f3\u0142tw\u00f3rca Portalu Vincenzowskiego; jako jeden z pierwszych podj\u0105\u0142 pr\u00f3b\u0119 zestawienia tw\u00f3rczo\u015bci Vincenza z Tolkienem), publicysta (<a href=\"https:\/\/orcid.org\/0009-0006-3155-266X\" data-type=\"link\" data-id=\"https:\/\/orcid.org\/0009-0006-3155-266X\" target=\"_blank\" rel=\"noreferrer noopener\">ponad 200 publikacji<\/a>), taternik (m.in. pierwsze znane przej\u015bcie w Tatrach lodospadu Dolinki Spadowej wprost), alpinista (liczne <em>vie ferrate\u00a0<\/em>i alpejskie czterotysi\u0119czniki \u2013 m.in. Mont Blanc, Matterhorn, Dom) i pireneista (m.in. Pico de Aneto, Monte Perdido, Pico Comachibosa\u2013Grande Vignemale), redaktor naczelny <a href=\"https:\/\/rescarpathica.eu\/category\/rocznik-res-carpathica\/\" data-type=\"link\" data-id=\"https:\/\/rescarpathica.eu\/category\/rocznik-res-carpathica\/\" target=\"_blank\" rel=\"noreferrer noopener\">Rocznika Ludzi Karpat \u201eRes Carpathica\u201d<\/a>. Autor projektu Parku Krajobrazowego Beskidu My\u015blenickiego. Autor i wsp\u00f3\u0142autor operat\u00f3w ochrony zasob\u00f3w kulturowych oraz udost\u0119pniania do plan\u00f3w ochrony park\u00f3w narodowych. Cz\u0142onek m.in. <a href=\"https:\/\/pth.net.pl\" data-type=\"link\" data-id=\"https:\/\/pth.net.pl\" target=\"_blank\" rel=\"noreferrer noopener\">Polskiego Towarzystwa Historycznego<\/a>, <a href=\"https:\/\/pttk.pl\" data-type=\"link\" data-id=\"https:\/\/pttk.pl\" target=\"_blank\" rel=\"noreferrer noopener\">Polskiego Towarzystwa Turystyczno-Krajoznawczego<\/a>, <a href=\"https:\/\/bieszczady-przewodnicy.pl\/\" data-type=\"link\" data-id=\"https:\/\/bieszczady-przewodnicy.pl\/\" target=\"_blank\" rel=\"noreferrer noopener\">Stowarzyszenia Przewodnik\u00f3w Turystycznych &#8220;Karpaty&#8221;<\/a>, <a href=\"https:\/\/zwiazek-podhalan.com\/\" data-type=\"link\" data-id=\"https:\/\/zwiazek-podhalan.com\/\" target=\"_blank\" rel=\"noreferrer noopener\">Zwi\u0105zku Podhalan<\/a>, <a href=\"https:\/\/akpt.pl\/\" data-type=\"link\" data-id=\"https:\/\/akpt.pl\/\" target=\"_blank\" rel=\"noreferrer noopener\">Akademickiego Ko\u0142a Przewodnik\u00f3w Tatrza\u0144skich im. Zofii i Witolda H.Paryskich<\/a>, <a href=\"https:\/\/skpg.krakow.pttk.pl\/\" data-type=\"link\" data-id=\"https:\/\/skpg.krakow.pttk.pl\/\" target=\"_blank\" rel=\"noreferrer noopener\">Studenckiego Ko\u0142a Przewodnik\u00f3w G\u00f3rskich w Krakowie<\/a>. Wsp\u00f3\u0142pracowa\u0142 z <a href=\"https:\/\/pogon.lwow.net\/\" data-type=\"link\" data-id=\"https:\/\/pogon.lwow.net\/\" target=\"_blank\" rel=\"noreferrer noopener\">Lwowskim Klubem Sportowym Pogo\u0144 Lw\u00f3w<\/a> oraz <a href=\"https:\/\/www.ckpide.eu\/\" data-type=\"link\" data-id=\"https:\/\/www.ckpide.eu\/pl\/\" target=\"_blank\" rel=\"noreferrer noopener\">Centrum Kultury Polskiej i Dialogu Europejskiego<\/a> w Iwano-Frankiw\u015bku (Ukraina), jak r\u00f3wnie\u017c <a href=\"https:\/\/www.salutsighet.ro\/giulestiul-sub-blazonul-academiei-romane\/?print=print\" data-type=\"link\" data-id=\"https:\/\/www.salutsighet.ro\/giulestiul-sub-blazonul-academiei-romane\/?print=print\" target=\"_blank\" rel=\"noreferrer noopener\">Centrum Bada\u0144 Historyczno-Teologicznych<\/a> pod patronatem Akademii Rumu\u0144skiej w Giule\u0219ti (rum. <em>Centrul de Cercet\u0103ri Istorico-Teologice ale Credin\u0163elor \u015fi Cultelor din Maramure\u015f sub egida Academiei Rom\u00e2ne<\/em>, Rumunia). Jest tak\u017ce cz\u0142onkiem <a href=\"https:\/\/dariuszdylag.pl\/wp-content\/uploads\/2025\/08\/komisja-egz-besk.jpg\" data-type=\"link\" data-id=\"https:\/\/dariuszdylag.pl\/wp-content\/uploads\/2025\/08\/komisja-egz-besk.jpg\">Podkarpackiej Komisji Egzaminacyjnej Przewodnik\u00f3w G\u00f3rskich Beskidzkich<\/a>.<\/p>\n\n\n\n<center><img decoding=\"async\" src=\"https:\/\/dariuszdylag.pl\/wp-content\/uploads\/2023\/02\/kelimeny-069.jpg\" alt=\"\" width=\"75%\"\/><\/center><br \/>\n\n\n\n<p>Krajoznawca ze s\u0142abo\u015bci\u0105 do literatury; ostatnio wy\u0142\u0105cznie w karpackiej wersji. Bucurze Dumbravie zawdzi\u0119cza odpowied\u017a na pytanie \u201ekiedy najlepiej i\u015b\u0107 w g\u00f3ry?\u201d; Miloslavowi Neverlemu \u2013 spokojny sen \u201epod szerokim gwia\u017adzistym kapeluszem\u201d; Tarasowi Procha\u015bce za\u015b \u2013 kierowanie si\u0119 \u201eraczej ide\u0105 krajobrazu ni\u017c nacji\u201d. Sw\u00f3j pierwszy tekst o Karpatach Wschodnich, opublikowany na pocz\u0105tku lat 90. minionego wieku w czasopi\u015bmie \u201eG\u00f3ry\u201d, zatytu\u0142owa\u0142 <em>Na wysokiej po\u0142oninie<\/em>. Sprawa recepcji najwa\u017cniejszej tetralogii Stanis\u0142awa Vincenza w \u015brodowisku krajoznawc\u00f3w \u2013 szczeg\u00f3lnie tych, kt\u00f3rzy w owym czasie ruszyli ponownie odkrywa\u0107 dla polskiego turysty Karpaty Wschodnie \u2013 jest mu szczeg\u00f3lnie bliska. Do tej specyficznej, krajoznawczej grupy ludzi chcia\u0142by i on si\u0119 zalicza\u0107, ale im bardziej wchodzi\u0142 w g\u0142\u0105b ukrai\u0144skich Karpat (a czyni\u0142 to prawie ka\u017cdego roku w okresie majowych, d\u0142ugich weekend\u00f3w), tym bardziej u\u015bwiadamia\u0142 sobie potrzeb\u0119 zgo\u0142a odwrotn\u0105, sformu\u0142owan\u0105 ju\u017c przez niego na \u0142amach \u201eP\u0142aju\u201d w recenzji przewodnika po Wielkiej Fatrze: \u201eci, kt\u00f3rzy wiedz\u0105, to niech wiedz\u0105, a reszta \u2013 nie musi\u201d. Jest \u015bwiadom, \u017ce pewnych proces\u00f3w nie da si\u0119 ju\u017c odwr\u00f3ci\u0107. Tym, kt\u00f3rzy nadal s\u0105 zafascynowani paleniem ognisk z gorga\u0144skiej kosodrzewiny, biwakowaniem nad czarnohorskimi, niesamowitymi stawami, kolebowaniem i \u2013 tak, tak \u2013 \u015bmieceniem w tym, jednym z jeszcze najdzikszych zak\u0105tk\u00f3w europejskich g\u00f3r, czas u\u015bwiadomi\u0107, \u017ce przed\u0142u\u017cony na skutek splotu szeregu przer\u00f3\u017cnych okoliczno\u015bci \u201ekoniec dawno\u015bci\u201d uleg\u0142 wielu niekorzystnym metamorfozom i zn\u00f3w zbli\u017ca si\u0119 z pr\u0119dko\u015bci\u0105 proporcjonaln\u0105 do ilo\u015bci ludzi zwiedzaj\u0105cych g\u00f3ry po drugiej stronie \u201eszenge\u0144skiego druta\u201d. Czy mo\u017cna i trzeba jako\u015b temu zaradzi\u0107? Je\u015bli tak, to chyba tylko dzi\u0119ki magicznej zaiste mocy wysokiej po\u0142oniny w tak fascynuj\u0105cy spos\u00f3b utrwalonej w wielkim eposie Vincenza. Zreszt\u0105 sam Mistrz tak o tym w\u0142a\u015bnie napisa\u0142 by\u0142: \u201eCzy\u017c mo\u017cna sobie wyobrazi\u0107, aby si\u0119 znale\u017ali ludzie z zewn\u0105trz, doceniaj\u0105cy warto\u015b\u0107 osobliwych odr\u0119bno\u015bci, a fatalno\u015b\u0107 nag\u0142ego, nieograniczonego zderzenia si\u0119 obcych faz cywilizacyjnych? [\u2026] Tak zachwalane rezerwaty, zar\u00f3wno ludzkie, jak zwierz\u0119ce i ro\u015blinne, s\u0105 dot\u0105d przewa\u017cnie obszarami dogorywania, zbiorem \u017cyj\u0105cych niedobitk\u00f3w. Kreuje si\u0119 je zazwyczaj godzin\u0119 przed \u015bmierci\u0105 jakiego\u015b rodu, lub nawet po \u015bmierci galwanizuje i fa\u0142szuje\u201d (<em>Prawda starowieku<\/em>\u2026 , s. 161).<\/p>\n\n\n\n<center><img decoding=\"async\" src=\"https:\/\/dariuszdylag.pl\/wp-content\/uploads\/2023\/02\/kel-240-1024x767.jpg\" alt=\"\" class=\"wp-image-16083\" width=\"75%\" srcset=\"https:\/\/dariuszdylag.pl\/wp-content\/uploads\/2023\/02\/kel-240-1024x767.jpg 1024w, https:\/\/dariuszdylag.pl\/wp-content\/uploads\/2023\/02\/kel-240-300x225.jpg 300w, https:\/\/dariuszdylag.pl\/wp-content\/uploads\/2023\/02\/kel-240-768x575.jpg 768w, https:\/\/dariuszdylag.pl\/wp-content\/uploads\/2023\/02\/kel-240.jpg 1137w\" sizes=\"(max-width: 1024px) 100vw, 1024px\" \/><\/center><br \/>\n\n<center><a href=\"https:\/\/buycoffee.to\/pan-dede\" target=\"_blank\"><img decoding=\"async\" src=\"https:\/\/buycoffee.to\/static\/img\/share\/share-button-dark.png\" style=\"width: 156px; height: 40px\" alt=\"Postaw mi kaw\u0119 na buycoffee.to\"\/><br \/><br \/><b>Je\u015bli podobaj\u0105 Ci si\u0119 publikowane tutaj tre\u015bci i chcesz wesprze\u0107 moj\u0105 prac\u0119, <br \/>mo\u017cesz postawi\u0107 mi wirtualn\u0105 kaw\u0119. <br \/><i>Mn\u00f3stwo serdeczno\u015bci!<\/i><\/b><\/a><\/center>","protected":false},"excerpt":{"rendered":"<p>Dariusz Dyl\u0105g \u2013 przewodnik karpacki (beskidzki i tatrza\u0144ski), przewodnik terenowy po woj. ma\u0142opolskim, pilot wycieczek, instruktor przewodnictwa i krajoznawstwa PTTK, honorowy przodownik turystyki g\u00f3rskiej PTTK (z uprawnieniami na Beskidy Wschodnie, Beskidy Zachodnie i Tatry), geograf (specjalizacja: sozologia), informatyk (specjalizacja: sieci komputerowe), gorganolog (doktorat z historii turystyki i krajoznawstwa w Gorganach), vincenzolog (wsp\u00f3\u0142tw\u00f3rca Portalu Vincenzowskiego; jako [&hellip;]<\/p>\n","protected":false},"author":1,"featured_media":19264,"parent":0,"menu_order":0,"comment_status":"closed","ping_status":"closed","template":"","meta":{"ngg_post_thumbnail":0,"footnotes":""},"class_list":["post-176","page","type-page","status-publish","has-post-thumbnail","czr-hentry"],"_links":{"self":[{"href":"https:\/\/dariuszdylag.pl\/index.php?rest_route=\/wp\/v2\/pages\/176","targetHints":{"allow":["GET"]}}],"collection":[{"href":"https:\/\/dariuszdylag.pl\/index.php?rest_route=\/wp\/v2\/pages"}],"about":[{"href":"https:\/\/dariuszdylag.pl\/index.php?rest_route=\/wp\/v2\/types\/page"}],"author":[{"embeddable":true,"href":"https:\/\/dariuszdylag.pl\/index.php?rest_route=\/wp\/v2\/users\/1"}],"replies":[{"embeddable":true,"href":"https:\/\/dariuszdylag.pl\/index.php?rest_route=%2Fwp%2Fv2%2Fcomments&post=176"}],"version-history":[{"count":67,"href":"https:\/\/dariuszdylag.pl\/index.php?rest_route=\/wp\/v2\/pages\/176\/revisions"}],"predecessor-version":[{"id":19764,"href":"https:\/\/dariuszdylag.pl\/index.php?rest_route=\/wp\/v2\/pages\/176\/revisions\/19764"}],"wp:featuredmedia":[{"embeddable":true,"href":"https:\/\/dariuszdylag.pl\/index.php?rest_route=\/wp\/v2\/media\/19264"}],"wp:attachment":[{"href":"https:\/\/dariuszdylag.pl\/index.php?rest_route=%2Fwp%2Fv2%2Fmedia&parent=176"}],"curies":[{"name":"wp","href":"https:\/\/api.w.org\/{rel}","templated":true}]}}