{"id":373,"date":"2012-04-24T16:54:21","date_gmt":"2012-04-24T14:54:21","guid":{"rendered":"http:\/\/dariuszdylag.pl\/?page_id=373"},"modified":"2017-02-16T22:23:30","modified_gmt":"2017-02-16T21:23:30","slug":"karpaty-lat-80","status":"publish","type":"page","link":"https:\/\/dariuszdylag.pl\/?page_id=373","title":{"rendered":"Karpaty lat 80."},"content":{"rendered":"<p style=\"text-align: center;\"><strong>W polski Beskid Niski i Bieszczady Zachodnie roku 1988<\/strong><br \/>\n[fragmenty odr\u0119cznego dziennika, mapki, rachunki i fotki<br \/>\nz w\u0119dr\u00f3wki do styku granic PRL, CSRS i ZSRR]<\/p>\nngg_shortcode_0_placeholder\n","protected":false},"excerpt":{"rendered":"<p>W polski Beskid Niski i Bieszczady Zachodnie roku 1988 [fragmenty odr\u0119cznego dziennika, mapki, rachunki i fotki z w\u0119dr\u00f3wki do styku granic PRL, CSRS i ZSRR]<\/p>\n","protected":false},"author":1,"featured_media":365,"parent":0,"menu_order":0,"comment_status":"closed","ping_status":"closed","template":"","meta":{"ngg_post_thumbnail":0,"footnotes":""},"class_list":["post-373","page","type-page","status-publish","has-post-thumbnail","czr-hentry"],"_links":{"self":[{"href":"https:\/\/dariuszdylag.pl\/index.php?rest_route=\/wp\/v2\/pages\/373","targetHints":{"allow":["GET"]}}],"collection":[{"href":"https:\/\/dariuszdylag.pl\/index.php?rest_route=\/wp\/v2\/pages"}],"about":[{"href":"https:\/\/dariuszdylag.pl\/index.php?rest_route=\/wp\/v2\/types\/page"}],"author":[{"embeddable":true,"href":"https:\/\/dariuszdylag.pl\/index.php?rest_route=\/wp\/v2\/users\/1"}],"replies":[{"embeddable":true,"href":"https:\/\/dariuszdylag.pl\/index.php?rest_route=%2Fwp%2Fv2%2Fcomments&post=373"}],"version-history":[{"count":12,"href":"https:\/\/dariuszdylag.pl\/index.php?rest_route=\/wp\/v2\/pages\/373\/revisions"}],"predecessor-version":[{"id":3678,"href":"https:\/\/dariuszdylag.pl\/index.php?rest_route=\/wp\/v2\/pages\/373\/revisions\/3678"}],"wp:featuredmedia":[{"embeddable":true,"href":"https:\/\/dariuszdylag.pl\/index.php?rest_route=\/wp\/v2\/media\/365"}],"wp:attachment":[{"href":"https:\/\/dariuszdylag.pl\/index.php?rest_route=%2Fwp%2Fv2%2Fmedia&parent=373"}],"curies":[{"name":"wp","href":"https:\/\/api.w.org\/{rel}","templated":true}]}}