{"id":5668,"date":"2019-05-09T15:54:31","date_gmt":"2019-05-09T13:54:31","guid":{"rendered":"https:\/\/dariuszdylag.pl\/?page_id=5668"},"modified":"2025-11-14T18:54:12","modified_gmt":"2025-11-14T17:54:12","slug":"nowa-oferta-%c2%b7-17-klasztornych-opowiesci","status":"publish","type":"page","link":"https:\/\/dariuszdylag.pl\/?page_id=5668","title":{"rendered":"NOWA OFERTA \u00b7 24 klasztorne opowie\u015bci"},"content":{"rendered":"\n<h2 class=\"wp-block-heading\">Wprowadzenie<\/h2>\n\n\n\n<p>Pomys\u0142 na now\u0105 ofert\u0119 zrodzi\u0142 si\u0119 przy okazji intensywnego przegl\u0105dania dysk\u00f3w w poszukiwaniu jednego z plik\u00f3w graficznych przedstawiaj\u0105cych klasztor w Ty\u0144cu. Plik\u00f3w by\u0142o dobre kilka setek, a na dodatek z wielu r\u00f3\u017cnych klasztor\u00f3w. Ka\u017cdy z nich budzi\u0142 niezwyk\u0142e wspomnienia i w\u0142a\u015bciwie sam w sobie m\u00f3g\u0142 stanowi\u0107 temat do odr\u0119bnej opowie\u015bci. Jak na razie uzbiera\u0142o si\u0119 tych opowie\u015bci dok\u0142adnie dwadzie\u015bcia cztery. Teraz trzeba by\u0142o si\u0119 tylko nimi podzieli\u0107. Zapraszam wi\u0119c do obejrzenia poni\u017cszych stron, a je\u015bli kt\u00f3ra\u015b z umieszczonych na\u0144 galerii zdj\u0119\u0107 wzbudzi\u0142a Pa\u0144stwa zainteresowanie, to przecie\u017c nic nie stoi na przeszkodzie, \u017ceby sprawdzi\u0107 jak wygl\u0105da na \u017cywo owa klasztorna rzeczywisto\u015b\u0107 i pos\u0142ucha\u0107, co przez te wszystkie lata oprowadzania wycieczek nagromadzi\u0142em. Szczeg\u00f3\u0142y oczywi\u015bcie wymagaj\u0105 uzgodnienia, poniewa\u017c nie do wszystkich poni\u017cszych obiekt\u00f3w mo\u017cna tak po prostu wej\u015b\u0107&#8230; Np. tynieckie opactwo od kilku lat przeprowadza specjalne szkolenia dla przewodnik\u00f3w, a stosowne za\u015bwiadczenie wygl\u0105da <a href=\"https:\/\/dariuszdylag.pl\/wp-content\/uploads\/2019\/05\/zasw-tyniec-dylag-7.jpg\">TAK<\/a>. Do innych miejsc odosobnienia, takich jak skit w \u0141u\u017ckach, trzeba pokona\u0107 ca\u0142kiem niekr\u00f3tk\u0105 drog\u0119 w jednych z najciekawszych i najrzadziej odwiedzanych g\u00f3rach Karpat Wschodnich, Gorganach, znajduj\u0105cych si\u0119 obecnie w granicach Ukrainy. Dla grup pielgrzymkowych istnieje mo\u017cliwo\u015b\u0107 odprawienia w\u0142a\u015bciwie w ka\u017cdym z poni\u017cszych obiekt\u00f3w Mszy \u015bw. (w r\u00f3\u017cnym rycie). Oferta dotycz\u0105ca klasztor\u00f3w na obszarze Ukrainy nieaktualna z powodu dzia\u0142a\u0144 wojennych.<\/p>\n\n\n\n<p>Jednocze\u015bnie prosz\u0119 o wybaczenie: nie wszystkie opowie\u015bci s\u0105 w pe\u0142ni gotowe \u2013 uzupe\u0142niam je w wolnych chwilach&#8230; <\/p>\n\n\n\n<figure class=\"wp-block-image\"><img loading=\"lazy\" decoding=\"async\" width=\"1024\" height=\"447\" src=\"https:\/\/dariuszdylag.pl\/wp-content\/uploads\/2019\/05\/tyniec0014-1024x447.jpg\" alt=\"\" class=\"wp-image-5751\" srcset=\"https:\/\/dariuszdylag.pl\/wp-content\/uploads\/2019\/05\/tyniec0014-1024x447.jpg 1024w, https:\/\/dariuszdylag.pl\/wp-content\/uploads\/2019\/05\/tyniec0014-300x131.jpg 300w, https:\/\/dariuszdylag.pl\/wp-content\/uploads\/2019\/05\/tyniec0014-768x335.jpg 768w, https:\/\/dariuszdylag.pl\/wp-content\/uploads\/2019\/05\/tyniec0014.jpg 1808w\" sizes=\"auto, (max-width: 1024px) 100vw, 1024px\" \/><\/figure>\n\n\n\n<p><a href=\"https:\/\/dariuszdylag.pl\/?page_id=5718\">Tyniec \u00b7 benedyktyni<\/a><\/p>\n\n\n\n<p><a href=\"https:\/\/dariuszdylag.pl\/?page_id=19272\">Kalwaria Zebrzydowska \u00b7 bernardyni<\/a><\/p>\n\n\n\n<p><a href=\"https:\/\/dariuszdylag.pl\/?page_id=5688\">Szczyrzyc \u00b7 cystersi<\/a><\/p>\n\n\n\n<p><a href=\"https:\/\/dariuszdylag.pl\/?page_id=13632\" target=\"_blank\" rel=\"noreferrer noopener\">Mogi\u0142a \u00b7 cystersi<\/a><\/p>\n\n\n\n<p><a href=\"https:\/\/dariuszdylag.pl\/?page_id=5830\">Stadniki \u00b7 sercanie<\/a><\/p>\n\n\n\n<p><a href=\"https:\/\/dariuszdylag.pl\/?page_id=6465\">Bielany \u00b7 kameduli<\/a><\/p>\n\n\n\n<p><a href=\"https:\/\/dariuszdylag.pl\/?page_id=11561\">Salwator \u00b7 norbertanki<\/a><\/p>\n\n\n\n<p><a href=\"https:\/\/dariuszdylag.pl\/?page_id=8311\">Krak\u00f3w \u00b7 franciszkanie konw.<\/a><\/p>\n\n\n<p>&nbsp;&nbsp;&nbsp;<a href=\"https:\/\/dariuszdylag.pl\/?page_id=8364\"> Krak\u00f3w \u00b7 klaryski<\/a><\/p>\n\n\n<p><a href=\"https:\/\/dariuszdylag.pl\/?page_id=8249\">Wieliczka \u00b7 reformaci<\/a><\/p>\n\n\n\n<p><a href=\"https:\/\/dariuszdylag.pl\/?page_id=5776\">Stani\u0105tki \u00b7 benedyktynki<\/a><\/p>\n\n\n\n<p class=\"has-text-align-left\">&nbsp;&nbsp;&nbsp;&nbsp;<a href=\"https:\/\/dariuszdylag.pl\/?page_id=5805\">\u017barnowiec \u00b7 benedyktynki<\/a><\/p>\n\n\n\n<p><a href=\"https:\/\/dariuszdylag.pl\/?page_id=16616\" target=\"_blank\" rel=\"noreferrer noopener\">Stary S\u0105cz \u00b7 klaryski<\/a><\/p>\n\n\n\n<p><a href=\"https:\/\/dariuszdylag.pl\/?page_id=5854\">Koma\u0144cza \u00b7 nazaretanki<\/a><\/p>\n\n\n\n<p><a href=\"https:\/\/dariuszdylag.pl\/?page_id=11032\">Dukla \u00b7 bernardyni<\/a><\/p>\n\n\n\n<p><a href=\"https:\/\/dariuszdylag.pl\/?page_id=6276\">Stanis\u0142aw\u00f3w \u00b7 jezuici<\/a><\/p>\n\n\n\n<p><a href=\"https:\/\/dariuszdylag.pl\/?page_id=5860\">Krech\u00f3w \u00b7 bazylianie<\/a><\/p>\n\n\n\n<p><a href=\"https:\/\/dariuszdylag.pl\/?page_id=5947\">\u0141u\u017cki \u00b7 studyci<\/a><\/p>\n\n\n\n<p><a href=\"https:\/\/dariuszdylag.pl\/?page_id=5909\">Maniawa \u00b7 bazylianie<\/a> <\/p>\n\n\n\n<p><a href=\"https:\/\/dariuszdylag.pl\/?page_id=5900\">Dora \u00b7 zgromadzenie misyjne \u015bw. Andrzeja<\/a><br \/><\/p>\n\n\n\n<p><a href=\"https:\/\/dariuszdylag.pl\/?page_id=19283\">Zag\u00f3rz \u00b7 karmelici<\/a><\/p>\n\n\n\n<p><a href=\"https:\/\/dariuszdylag.pl\/?page_id=16001\">Krak\u00f3w \u00b7 dominikanie<\/a><\/p>\n\n\n\n<p><a href=\"https:\/\/dariuszdylag.pl\/?page_id=19288\">Nowy Wi\u015bnicz \u00b7 karmelici<\/a><\/p>\n\n\n\n<p><a href=\"https:\/\/dariuszdylag.pl\/?page_id=19292\">Biecz \u00b7 reformaci<\/a><\/p>\n\n\n<center><a href=\"https:\/\/buycoffee.to\/pan-dede\" target=\"_blank\"><img decoding=\"async\" src=\"https:\/\/buycoffee.to\/static\/img\/share\/share-button-dark.png\" style=\"width: 156px; height: 40px\" alt=\"Postaw mi kaw\u0119 na buycoffee.to\"\/><br \/><br \/><b>Je\u015bli podobaj\u0105 Ci si\u0119 publikowane tutaj tre\u015bci i chcesz wesprze\u0107 moj\u0105 prac\u0119, <br \/>mo\u017cesz postawi\u0107 mi wirtualn\u0105 kaw\u0119. <br \/><i>Mn\u00f3stwo serdeczno\u015bci!<\/i><\/b><\/a><\/center>","protected":false},"excerpt":{"rendered":"<p>Wprowadzenie Pomys\u0142 na now\u0105 ofert\u0119 zrodzi\u0142 si\u0119 przy okazji intensywnego przegl\u0105dania dysk\u00f3w w poszukiwaniu jednego z plik\u00f3w graficznych przedstawiaj\u0105cych klasztor w Ty\u0144cu. Plik\u00f3w by\u0142o dobre kilka setek, a na dodatek z wielu r\u00f3\u017cnych klasztor\u00f3w. Ka\u017cdy z nich budzi\u0142 niezwyk\u0142e wspomnienia i w\u0142a\u015bciwie sam w sobie m\u00f3g\u0142 stanowi\u0107 temat do odr\u0119bnej opowie\u015bci. Jak na razie uzbiera\u0142o [&hellip;]<\/p>\n","protected":false},"author":1,"featured_media":5672,"parent":0,"menu_order":0,"comment_status":"closed","ping_status":"closed","template":"","meta":{"ngg_post_thumbnail":0,"footnotes":""},"class_list":["post-5668","page","type-page","status-publish","has-post-thumbnail","czr-hentry"],"_links":{"self":[{"href":"https:\/\/dariuszdylag.pl\/index.php?rest_route=\/wp\/v2\/pages\/5668","targetHints":{"allow":["GET"]}}],"collection":[{"href":"https:\/\/dariuszdylag.pl\/index.php?rest_route=\/wp\/v2\/pages"}],"about":[{"href":"https:\/\/dariuszdylag.pl\/index.php?rest_route=\/wp\/v2\/types\/page"}],"author":[{"embeddable":true,"href":"https:\/\/dariuszdylag.pl\/index.php?rest_route=\/wp\/v2\/users\/1"}],"replies":[{"embeddable":true,"href":"https:\/\/dariuszdylag.pl\/index.php?rest_route=%2Fwp%2Fv2%2Fcomments&post=5668"}],"version-history":[{"count":56,"href":"https:\/\/dariuszdylag.pl\/index.php?rest_route=\/wp\/v2\/pages\/5668\/revisions"}],"predecessor-version":[{"id":19768,"href":"https:\/\/dariuszdylag.pl\/index.php?rest_route=\/wp\/v2\/pages\/5668\/revisions\/19768"}],"wp:featuredmedia":[{"embeddable":true,"href":"https:\/\/dariuszdylag.pl\/index.php?rest_route=\/wp\/v2\/media\/5672"}],"wp:attachment":[{"href":"https:\/\/dariuszdylag.pl\/index.php?rest_route=%2Fwp%2Fv2%2Fmedia&parent=5668"}],"curies":[{"name":"wp","href":"https:\/\/api.w.org\/{rel}","templated":true}]}}