{"id":5860,"date":"2019-05-10T21:22:49","date_gmt":"2019-05-10T19:22:49","guid":{"rendered":"https:\/\/dariuszdylag.pl\/?page_id=5860"},"modified":"2025-01-06T14:36:36","modified_gmt":"2025-01-06T13:36:36","slug":"krechow-%c2%b7-bazylianie","status":"publish","type":"page","link":"https:\/\/dariuszdylag.pl\/?page_id=5860","title":{"rendered":"KRECH\u00d3W \u00b7 bazylianie"},"content":{"rendered":"\n<h2 class=\"wp-block-heading\">Opowie\u015b\u0107 siedemnasta<\/h2>\n\n\n\nngg_shortcode_0_placeholder\n\n\n\n<p>Polecam r\u00f3wnie\u017c artyku\u0142 Agaty Dworzak, zatytu\u0142owany <em><a href=\"https:\/\/dariuszdylag.pl\/pdf\/dworzak-krechow.pdf\">Udzia\u0142 lwowskich artyst\u00f3w w modernizacji cerkwi bazylian\u00f3w w Krechowie za prze\u0142o\u017ce\u0144stwa superiora Sylwestra \u0141aszczewskiego<\/a><\/em>.<\/p>\n","protected":false},"excerpt":{"rendered":"<p>Opowie\u015b\u0107 siedemnasta Polecam r\u00f3wnie\u017c artyku\u0142 Agaty Dworzak, zatytu\u0142owany Udzia\u0142 lwowskich artyst\u00f3w w modernizacji cerkwi bazylian\u00f3w w Krechowie za prze\u0142o\u017ce\u0144stwa superiora Sylwestra \u0141aszczewskiego.<\/p>\n","protected":false},"author":1,"featured_media":5861,"parent":5668,"menu_order":17,"comment_status":"closed","ping_status":"closed","template":"","meta":{"ngg_post_thumbnail":0,"footnotes":""},"class_list":["post-5860","page","type-page","status-publish","has-post-thumbnail","czr-hentry"],"_links":{"self":[{"href":"https:\/\/dariuszdylag.pl\/index.php?rest_route=\/wp\/v2\/pages\/5860","targetHints":{"allow":["GET"]}}],"collection":[{"href":"https:\/\/dariuszdylag.pl\/index.php?rest_route=\/wp\/v2\/pages"}],"about":[{"href":"https:\/\/dariuszdylag.pl\/index.php?rest_route=\/wp\/v2\/types\/page"}],"author":[{"embeddable":true,"href":"https:\/\/dariuszdylag.pl\/index.php?rest_route=\/wp\/v2\/users\/1"}],"replies":[{"embeddable":true,"href":"https:\/\/dariuszdylag.pl\/index.php?rest_route=%2Fwp%2Fv2%2Fcomments&post=5860"}],"version-history":[{"count":4,"href":"https:\/\/dariuszdylag.pl\/index.php?rest_route=\/wp\/v2\/pages\/5860\/revisions"}],"predecessor-version":[{"id":13647,"href":"https:\/\/dariuszdylag.pl\/index.php?rest_route=\/wp\/v2\/pages\/5860\/revisions\/13647"}],"up":[{"embeddable":true,"href":"https:\/\/dariuszdylag.pl\/index.php?rest_route=\/wp\/v2\/pages\/5668"}],"wp:featuredmedia":[{"embeddable":true,"href":"https:\/\/dariuszdylag.pl\/index.php?rest_route=\/wp\/v2\/media\/5861"}],"wp:attachment":[{"href":"https:\/\/dariuszdylag.pl\/index.php?rest_route=%2Fwp%2Fv2%2Fmedia&parent=5860"}],"curies":[{"name":"wp","href":"https:\/\/api.w.org\/{rel}","templated":true}]}}