{"id":5909,"date":"2019-05-10T22:57:13","date_gmt":"2019-05-10T20:57:13","guid":{"rendered":"https:\/\/dariuszdylag.pl\/?page_id=5909"},"modified":"2025-01-06T14:39:05","modified_gmt":"2025-01-06T13:39:05","slug":"maniawa","status":"publish","type":"page","link":"https:\/\/dariuszdylag.pl\/?page_id=5909","title":{"rendered":"MANIAWA \u00b7 bazylianie"},"content":{"rendered":"\n<h2 class=\"wp-block-heading\">Opowie\u015b\u0107 dziewi\u0119tnasta<\/h2>\n\n\n\nngg_shortcode_0_placeholder\n","protected":false},"excerpt":{"rendered":"<p>Opowie\u015b\u0107 dziewi\u0119tnasta<\/p>\n","protected":false},"author":1,"featured_media":5913,"parent":5668,"menu_order":19,"comment_status":"closed","ping_status":"closed","template":"","meta":{"ngg_post_thumbnail":0,"footnotes":""},"class_list":["post-5909","page","type-page","status-publish","has-post-thumbnail","czr-hentry"],"_links":{"self":[{"href":"https:\/\/dariuszdylag.pl\/index.php?rest_route=\/wp\/v2\/pages\/5909","targetHints":{"allow":["GET"]}}],"collection":[{"href":"https:\/\/dariuszdylag.pl\/index.php?rest_route=\/wp\/v2\/pages"}],"about":[{"href":"https:\/\/dariuszdylag.pl\/index.php?rest_route=\/wp\/v2\/types\/page"}],"author":[{"embeddable":true,"href":"https:\/\/dariuszdylag.pl\/index.php?rest_route=\/wp\/v2\/users\/1"}],"replies":[{"embeddable":true,"href":"https:\/\/dariuszdylag.pl\/index.php?rest_route=%2Fwp%2Fv2%2Fcomments&post=5909"}],"version-history":[{"count":4,"href":"https:\/\/dariuszdylag.pl\/index.php?rest_route=\/wp\/v2\/pages\/5909\/revisions"}],"predecessor-version":[{"id":13649,"href":"https:\/\/dariuszdylag.pl\/index.php?rest_route=\/wp\/v2\/pages\/5909\/revisions\/13649"}],"up":[{"embeddable":true,"href":"https:\/\/dariuszdylag.pl\/index.php?rest_route=\/wp\/v2\/pages\/5668"}],"wp:featuredmedia":[{"embeddable":true,"href":"https:\/\/dariuszdylag.pl\/index.php?rest_route=\/wp\/v2\/media\/5913"}],"wp:attachment":[{"href":"https:\/\/dariuszdylag.pl\/index.php?rest_route=%2Fwp%2Fv2%2Fmedia&parent=5909"}],"curies":[{"name":"wp","href":"https:\/\/api.w.org\/{rel}","templated":true}]}}