{"id":6465,"date":"2019-07-04T23:05:04","date_gmt":"2019-07-04T21:05:04","guid":{"rendered":"https:\/\/dariuszdylag.pl\/?page_id=6465"},"modified":"2025-12-25T15:21:59","modified_gmt":"2025-12-25T14:21:59","slug":"bielany-%c2%b7-kameduli","status":"publish","type":"page","link":"https:\/\/dariuszdylag.pl\/?page_id=6465","title":{"rendered":"BIELANY \u00b7 kameduli"},"content":{"rendered":"\n<h2 class=\"wp-block-heading\">Opowie\u015b\u0107 sz\u00f3sta<\/h2>\n\n\n\n<p> ngg_shortcode_0_placeholder  ngg_shortcode_1_placeholder <\/p>\n\n\n\n<figure class=\"wp-block-video aligncenter\"><video controls src=\"https:\/\/dariuszdylag.pl\/vid\/srebrna-gora.mp4\"><\/video><\/figure>\n\n\n<center><br \/><a href=\"https:\/\/buycoffee.to\/pan-dede\" target=\"_blank\"><img decoding=\"async\" src=\"https:\/\/buycoffee.to\/static\/img\/share\/share-button-dark.png\" style=\"width: 156px; height: 40px\" alt=\"Postaw mi kaw\u0119 na buycoffee.to\"\/><br \/><br \/><b>Je\u015bli podobaj\u0105 Ci si\u0119 publikowane tutaj tre\u015bci i chcesz wesprze\u0107 moj\u0105 prac\u0119, <br \/>mo\u017cesz postawi\u0107 mi wirtualn\u0105 kaw\u0119. <br \/><i>Mn\u00f3stwo serdeczno\u015bci!<\/i><\/b><\/a><\/center>","protected":false},"excerpt":{"rendered":"<p>Opowie\u015b\u0107 sz\u00f3sta Je\u015bli podobaj\u0105 Ci si\u0119 publikowane tutaj tre\u015bci i chcesz wesprze\u0107 moj\u0105 prac\u0119, mo\u017cesz postawi\u0107 mi wirtualn\u0105 kaw\u0119. Mn\u00f3stwo serdeczno\u015bci!<\/p>\n","protected":false},"author":1,"featured_media":6467,"parent":5668,"menu_order":6,"comment_status":"closed","ping_status":"closed","template":"","meta":{"ngg_post_thumbnail":0,"footnotes":""},"class_list":["post-6465","page","type-page","status-publish","has-post-thumbnail","czr-hentry"],"_links":{"self":[{"href":"https:\/\/dariuszdylag.pl\/index.php?rest_route=\/wp\/v2\/pages\/6465","targetHints":{"allow":["GET"]}}],"collection":[{"href":"https:\/\/dariuszdylag.pl\/index.php?rest_route=\/wp\/v2\/pages"}],"about":[{"href":"https:\/\/dariuszdylag.pl\/index.php?rest_route=\/wp\/v2\/types\/page"}],"author":[{"embeddable":true,"href":"https:\/\/dariuszdylag.pl\/index.php?rest_route=\/wp\/v2\/users\/1"}],"replies":[{"embeddable":true,"href":"https:\/\/dariuszdylag.pl\/index.php?rest_route=%2Fwp%2Fv2%2Fcomments&post=6465"}],"version-history":[{"count":6,"href":"https:\/\/dariuszdylag.pl\/index.php?rest_route=\/wp\/v2\/pages\/6465\/revisions"}],"predecessor-version":[{"id":19832,"href":"https:\/\/dariuszdylag.pl\/index.php?rest_route=\/wp\/v2\/pages\/6465\/revisions\/19832"}],"up":[{"embeddable":true,"href":"https:\/\/dariuszdylag.pl\/index.php?rest_route=\/wp\/v2\/pages\/5668"}],"wp:featuredmedia":[{"embeddable":true,"href":"https:\/\/dariuszdylag.pl\/index.php?rest_route=\/wp\/v2\/media\/6467"}],"wp:attachment":[{"href":"https:\/\/dariuszdylag.pl\/index.php?rest_route=%2Fwp%2Fv2%2Fmedia&parent=6465"}],"curies":[{"name":"wp","href":"https:\/\/api.w.org\/{rel}","templated":true}]}}