{"id":7735,"date":"2019-09-01T13:18:35","date_gmt":"2019-09-01T11:18:35","guid":{"rendered":"https:\/\/dariuszdylag.pl\/?page_id=7735"},"modified":"2025-04-17T19:14:34","modified_gmt":"2025-04-17T17:14:34","slug":"polityka-prywatnosci","status":"publish","type":"page","link":"https:\/\/dariuszdylag.pl\/?page_id=7735","title":{"rendered":"Polityka prywatno\u015bci"},"content":{"rendered":"\n<p><strong>Regulamin u\u017cytkowania i polityka prywatno\u015bci serwisu internetowego dariuszdylag.pl<\/strong><br \/>Wszelkie prawa do zawarto\u015bci oficjalnego serwisu dariuszdylag.pl s\u0105 zastrze\u017cone. \u017badna cz\u0119\u015b\u0107 serwisu nie mo\u017ce by\u0107 w ca\u0142o\u015bci lub cz\u0119\u015bci kopiowana w celach komercyjnych, transmitowana elektronicznie lub w inny spos\u00f3b modyfikowana, linkowana lub wykorzystana bez uprzedniej zgody operatora serwisu.<\/p>\n\n\n\n<p><strong>Polityka prywatno\u015bci <\/strong><br \/>Ochrona prywatno\u015bci U\u017cytkownik\u00f3w serwisu ma dla mnie bardzo du\u017ce znaczenie. Poni\u017cej publikuj\u0119 wyja\u015bnienie, jakie dane s\u0105 gromadzone oraz jakie zasady ich przetwarzania i wykorzystywania s\u0105 stosowane. Ograniczam wykorzystanie i zbieranie informacji o U\u017cytkownikach serwisu do niezb\u0119dnego minimum wymaganego do \u015bwiadczenia us\u0142ug na najwy\u017cszym poziomie.<br \/><strong>Informacje og\u00f3lne <\/strong><br \/>1. Celem niniejszego serwisu jest dostarczenie U\u017cytkownikowi rozwi\u0105za\u0144, kt\u00f3re pozwalaj\u0105 na realizacj\u0119 w pe\u0142ni bezpiecznych us\u0142ug online, z jednoczesnym poszanowaniem zasad poufno\u015bci i nieujawniania ich innym podmiotom. Powy\u017csze nie dotyczy wyra\u017anego upowa\u017cnienia otrzymanego od U\u017cytkownika lub powszechnie obowi\u0105zuj\u0105cych przepis\u00f3w prawa.<br \/>2. Serwis b\u0119dzie przetwarza\u0142 dane osobowe U\u017cytkownika tylko w celu w jakim je dobrowolnie otrzyma\u0142.<br \/>3. W celu u\u0142atwienia U\u017cytkownikowi korzystania z serwisu, u\u017cywa si\u0119 technologii cookies, o czym szerzej poni\u017cej. <br \/>4. U\u017cytkownik mo\u017ce zaakceptowa\u0107 wszystkie utworzone Zgody (skrypty) poprzez Pasek zg\u00f3d na dole, kt\u00f3re bez akceptacji nie mog\u0105 zosta\u0107 wys\u0142ane.<br \/>5. Serwis u\u017cywa Google Analytics, sieciowej us\u0142ugi analitycznej Google Inc. (&#8220;Google&#8221;). Google Analytics u\u017cywa plik\u00f3w cookies, plik\u00f3w tekstowych, kt\u00f3re s\u0105 zamieszczane w urz\u0105dzeniu ko\u0144cowym U\u017cytkownika serwisu i umo\u017cliwiaj\u0105 analiz\u0119 korzystania ze strony internetowej. Generowane przez pliki cookies informacje dotycz\u0105ce korzystania ze strony internetowej (\u0142\u0105cznie z adresem IP) przekazywane s\u0105 do serwera Google w USA i tam gromadzone. Na podstawie tych danych tworzone s\u0105 raporty aktywno\u015bci na potrzeby administratora serwisu.<br \/>6. Serwis zbiera, udost\u0119pnia i wykorzystuje dane w ramach us\u0142ug reklamowych Google (zobacz <a href=\"http:\/\/www.google.com\/policies\/privacy\/partners\/\" target=\"_blank\" rel=\"noreferrer noopener\">jak Google wykorzystuje dane gromadzone podczas korzystania z witryn i aplikacji naszych partner\u00f3w?<\/a>). <br \/>7. Google mo\u017ce r\u00f3wnie\u017c przekazywa\u0107 te informacje osobom trzecim, o ile jest to nakazane przepisami prawa lub o ile osoby trzecie przetwarzaj\u0105 te dane na zlecenie Google. Google nie zestawia adresu IP z \u017cadnymi innymi danymi, kt\u00f3rymi dysponuje. <br \/>8. Dostawcy zewn\u0119trzni, w tym Google, u\u017cywaj\u0105 plik\u00f3w cookies do wy\u015bwietlania reklam na podstawie poprzednich odwiedzin U\u017cytkownika w serwisie lub w innych witrynach. <br \/>9. Pliki cookies do wy\u015bwietlania reklam umo\u017cliwiaj\u0105 firmie Google i jej partnerom wy\u015bwietlanie U\u017cytkownikom konkretnych reklam na podstawie ich odwiedzin w serwisie i\/lub w innych witrynach internetowych. <br \/>10. U\u017cytkownicy mog\u0105 zrezygnowa\u0107 ze spersonalizowanych reklam w <a href=\"https:\/\/www.google.com\/settings\/ads\" target=\"_blank\" rel=\"noreferrer noopener\">Ustawieniach reklam<\/a>. U\u017cytkownicy mog\u0105 te\u017c zrezygnowa\u0107 z wykorzystywania plik\u00f3w cookies innych firm do wy\u015bwietlania spersonalizowanych reklam. Wystarczy wej\u015b\u0107 na stron\u0119 <a href=\"http:\/\/www.aboutads.info\/choices\/\" target=\"_blank\" rel=\"noreferrer noopener\">www.aboutads.info<\/a>.<br \/>11. Korzystaj\u0105c z serwisu zgadzaj\u0105 si\u0119 Pa\u0144stwo na przetwarzanie przez Google danych zgromadzonych w opisany wy\u017cej spos\u00f3b i w wymienionym celu. <br \/>12. Operatorem serwisu oraz administratorem danych osobowych podawanych dobrowolnie w formularzach serwisu jest Dariusz Dyl\u0105g. Informacje o kontakcie z operatorem serwisu znajduj\u0105 si\u0119 poni\u017cej w bloku zatytu\u0142owanym &#8220;Kontakt&#8221;.<\/p>\n\n\n\n<p><strong>Przys\u0142uguj\u0105ce U\u017cytkownikowi prawa<\/strong> <br \/>1. U\u017cytkownik ma prawo \u017c\u0105da\u0107 od administratora dost\u0119pu do przekazanych danych, ich sprostowania, zaktualizowania, jak r\u00f3wnie\u017c ma prawo do ograniczenia przetwarzania danych. <br \/>2. Gdy U\u017cytkownik uzna, i\u017c przetwarzanie jego danych osobowych przez administratora narusza przepisy RODO przys\u0142uguje mu prawo wniesienia skargi do organu nadzorczego \u2013 Prezesa Urz\u0119du Ochrony Danych Osobowych.<\/p>\n\n\n\n<p><strong>Cookies <\/strong><br \/>1. Cookies (tzw. Ciasteczka) \u2013 niewielkie pliki tekstowe, zapisywane w urz\u0105dzeniu ko\u0144cowym U\u017cytkownika (komputer lub inne urz\u0105dzenie) podczas przegl\u0105dania niniejszego serwisu, pozwalaj\u0105ce pozyska\u0107 informacje na temat tego w jaki spos\u00f3b U\u017cytkownik korzysta z serwisu, tak aby dopasowa\u0107 serwis do potrzeb i preferencji konkretnego U\u017cytkownika oraz aby zapewni\u0107 jego w\u0142a\u015bciwe funkcjonowanie.<br \/><strong>Zasady dzia\u0142ania cookies<\/strong><br \/>1. Niniejszy serwis korzysta z plik\u00f3w cookies, tzn. \u017ce niewielkie informacje tekstowe zapisywane s\u0105 na urz\u0105dzeniu ko\u0144cowym U\u017cytkownika poprzez serwer serwisu (zgodnie z art. 173 ust. 1 i 2 ustawy prawo telekomunikacyjne).<br \/>2. W przypadku, gdy U\u017cytkownik po raz kolejny odwiedza serwis, przegl\u0105darka internetowa przesy\u0142a zapisane cookies na urz\u0105dzeniu ko\u0144cowym U\u017cytkownika z powrotem do serwisu, dzi\u0119ki temu serwer serwisu rozpoznaje konkretnego U\u017cytkownika i pami\u0119ta r\u00f3\u017cne indywidualne elementy oraz preferencje U\u017cytkownika.<br \/>3. Przechowywane pliki cookies nie powoduj\u0105 zmian konfiguracyjnych w urz\u0105dzeniu ko\u0144cowym U\u017cytkownika lub oprogramowaniach zainstalowanych na tym urz\u0105dzeniu.<br \/><strong>Rodzaje wykorzystywanych plik\u00f3w cookies <\/strong><br \/>1. Niniejszy serwis korzysta z plik\u00f3w cookies, kt\u00f3re:<br \/>\u2022 zapisuj\u0105 informacj\u0119 na temat dokonywanych przez U\u017cytkownika wybor\u00f3w, co z kolei umo\u017cliwia dostosowanie serwisu do potrzeb konkretnego U\u017cytkownika, np. poprzez zapami\u0119tanie wybranego j\u0119zyka;<br \/>\u2022 pozwalaj\u0105 na zbieranie informacji o tym jak cz\u0119sto i ilu U\u017cytkownik\u00f3w odwiedza serwis, tylko i wy\u0142\u0105cznie w celach statystycznych, bez dokonywania identyfikacji U\u017cytkownik\u00f3w;<br \/>\u2022 pozwalaj\u0105 okre\u015bli\u0107 w jaki spos\u00f3b U\u017cytkownicy korzystaj\u0105 z serwisu, a tym samym dostarczaj\u0105 informacji na temat obszar\u00f3w, kt\u00f3re U\u017cytkownik przegl\u0105da\u0142, czasu kt\u00f3ry sp\u0119dzi\u0142 na stronie, trudno\u015bciach, kt\u00f3re si\u0119 pojawi\u0142y, jak np. komunikaty o b\u0142\u0119dach, co pozwala utrzyma\u0107 dzia\u0142anie serwisu na odpowiednim poziomie.<br \/>2. Serwis u\u017cywa plik\u00f3w cookies do tzw. targetowania, czyli takich, kt\u00f3re zapami\u0119tuj\u0105 informacje dotycz\u0105ce korzystania z serwisu, aby dostarcza\u0107 U\u017cytkownikom materia\u0142\u00f3w dostosowanych do ich preferencji.<br \/>3. Powy\u017csze pliki cookies nie s\u0142u\u017c\u0105 identyfikacji danych osobowych U\u017cytkownik\u00f3w.<br \/><strong>Kontrola zapisywania plik\u00f3w cookies <\/strong><br \/>1. Korzystanie z serwisu przez U\u017cytkownika bez dokonania zmiany ustawie\u0144 w przegl\u0105darce internetowej w celu blokowania obs\u0142ugi cookies, oznacza uzyskanie dost\u0119pu przez pliki cookies do urz\u0105dzenia ko\u0144cowego U\u017cytkownika i jest r\u00f3wnoznaczne z wyra\u017ceniem zgody przez U\u017cytkownika na u\u017cywanie plik\u00f3w cookies.<br \/>2. U\u017cytkownik ma prawo w ka\u017cdym momencie korzystania z serwisu zablokowa\u0107 mo\u017cliwo\u015b\u0107 zapisywania plik\u00f3w cookies, poprzez zmian\u0119 ustawie\u0144 dotycz\u0105cych plik\u00f3w cookies w swojej przegl\u0105darce internetowej.<br \/>3. W celu uzyskania informacji, co do mo\u017cliwo\u015bci zmiany ustawie\u0144 obs\u0142ugi plik\u00f3w cookies, nale\u017cy skorzysta\u0107 z instrukcji u\u017cywanej przez siebie przegl\u0105darki internetowej albo wy\u015bwietli\u0107 opcj\u0119 pomoc w swojej przegl\u0105darce, aby dowiedzie\u0107 si\u0119 jak dostosowywa\u0107 lub zmienia\u0107 ustawienia przegl\u0105darki.<br \/>4. W celu ponownego uruchomienia obs\u0142ugi cookies nale\u017cy ponownie zmieni\u0107\u0301 ustawienia przegl\u0105darki. Zapisane pliki cookies mog\u0105\u0328 by\u0107\u0301 w wi\u0119kszo\u015bci przypadk\u00f3w usuni\u0119te przez U\u017cytkownika za po\u015brednictwem przegl\u0105darki internetowej.<br \/>5. Usuni\u0119cie b\u0105d\u017a zablokowanie plik\u00f3w cookies mo\u017ce wp\u0142yn\u0105\u0107 na spos\u00f3b korzystania z serwisu, gdy\u017c niekt\u00f3re jego obszary mog\u0105 sta\u0107 si\u0119 nie w pe\u0142ni dost\u0119pne dla U\u017cytkownika i w konsekwencji mo\u017ce to spowodowa\u0107 utrudnienia w korzystaniu z niekt\u00f3rych funkcjonalno\u015bci serwisu. U\u017cytkownicy powinni zdawa\u0107 sobie spraw\u0119 z faktu, \u017ce serwis nie odpowiada za \u015bcis\u0142o\u015b\u0107, zawarto\u015b\u0107 lub dost\u0119pno\u015b\u0107 informacji, do kt\u00f3rych odno\u015bniki prowadz\u0105 przez stron\u0119 dariuszdylag.pl. Wprowadzenie takiego odno\u015bnika na stron\u0119 dariuszdylag.pl nie wi\u0105\u017ce si\u0119 z braniem odpowiedzialno\u015bci przez serwis za tre\u015b\u0107 docelowej strony www.<\/p>\n\n\n\n<p><strong>Kontakt <\/strong><br \/>U\u017cytkownicy, kt\u00f3rzy maj\u0105 pytania dotycz\u0105ce niniejszej deklaracji ochrony prywatno\u015bci, praktyk stosowanych na tej stronie, czy te\u017c sposob\u00f3w utrzymywania z ni\u0105 kontakt\u00f3w, proszeni s\u0105 o wys\u0142anie ich przez stron\u0119 o adresie: https:\/\/dariuszdylag.pl\/?page_id=7746.<\/p>\n\n\n\n<p>Korzystaj\u0105c w jakikolwiek spos\u00f3b z niniejszego serwisu internetowego akceptujecie Pa\u0144stwo zasady zawarte w polityce prywatno\u015bci serwisu.<\/p>\n\n\n\n<p><strong>Zmiany<\/strong><br \/>W przypadku zmiany obowi\u0105zuj\u0105cej polityki prywatno\u015bci serwisu, wprowadzone zostan\u0105 odpowiednie modyfikacje do powy\u017cszego zapisu.<\/p>\n","protected":false},"excerpt":{"rendered":"<p>Regulamin u\u017cytkowania i polityka prywatno\u015bci serwisu internetowego dariuszdylag.plWszelkie prawa do zawarto\u015bci oficjalnego serwisu dariuszdylag.pl s\u0105 zastrze\u017cone. \u017badna cz\u0119\u015b\u0107 serwisu nie mo\u017ce by\u0107 w ca\u0142o\u015bci lub cz\u0119\u015bci kopiowana w celach komercyjnych, transmitowana elektronicznie lub w inny spos\u00f3b modyfikowana, linkowana lub wykorzystana bez uprzedniej zgody operatora serwisu. Polityka prywatno\u015bci Ochrona prywatno\u015bci U\u017cytkownik\u00f3w serwisu ma dla mnie bardzo [&hellip;]<\/p>\n","protected":false},"author":1,"featured_media":0,"parent":0,"menu_order":0,"comment_status":"closed","ping_status":"closed","template":"","meta":{"ngg_post_thumbnail":0,"footnotes":""},"class_list":["post-7735","page","type-page","status-publish","czr-hentry"],"_links":{"self":[{"href":"https:\/\/dariuszdylag.pl\/index.php?rest_route=\/wp\/v2\/pages\/7735","targetHints":{"allow":["GET"]}}],"collection":[{"href":"https:\/\/dariuszdylag.pl\/index.php?rest_route=\/wp\/v2\/pages"}],"about":[{"href":"https:\/\/dariuszdylag.pl\/index.php?rest_route=\/wp\/v2\/types\/page"}],"author":[{"embeddable":true,"href":"https:\/\/dariuszdylag.pl\/index.php?rest_route=\/wp\/v2\/users\/1"}],"replies":[{"embeddable":true,"href":"https:\/\/dariuszdylag.pl\/index.php?rest_route=%2Fwp%2Fv2%2Fcomments&post=7735"}],"version-history":[{"count":26,"href":"https:\/\/dariuszdylag.pl\/index.php?rest_route=\/wp\/v2\/pages\/7735\/revisions"}],"predecessor-version":[{"id":19455,"href":"https:\/\/dariuszdylag.pl\/index.php?rest_route=\/wp\/v2\/pages\/7735\/revisions\/19455"}],"wp:attachment":[{"href":"https:\/\/dariuszdylag.pl\/index.php?rest_route=%2Fwp%2Fv2%2Fmedia&parent=7735"}],"curies":[{"name":"wp","href":"https:\/\/api.w.org\/{rel}","templated":true}]}}