{"id":7746,"date":"2019-09-01T23:13:04","date_gmt":"2019-09-01T21:13:04","guid":{"rendered":"https:\/\/dariuszdylag.pl\/?page_id=7746"},"modified":"2026-01-01T21:38:19","modified_gmt":"2026-01-01T20:38:19","slug":"napisz-do-mnie","status":"publish","type":"page","link":"https:\/\/dariuszdylag.pl\/?page_id=7746","title":{"rendered":"Napisz lub zadzwo\u0144 do mnie"},"content":{"rendered":"\n<p>Z powodu chronicznego braku wolnego czasu &#8211; telefon mam na og\u00f3\u0142 wyciszony &#8211; kontakt wy\u0142\u0105cznie sms-owy pod numerem plus 48 6zerozerodziewi\u0119\u0107trzy66jeden6. Zawsze oddzwaniam.<br \/>Czasem jednak jestem poza dost\u0119pem do jakiejkolwiek sieci \u2013 poprosz\u0119 zatem o cierpliwo\u015b\u0107, albowiem lepiej p\u00f3\u017ano, ni\u017c wcale.<\/p>\n\n\n\n<p><strong><em>Prosz\u0119 r\u00f3wnie\u017c wzi\u0105\u0107 pod uwag\u0119, i\u017c:<\/em><\/strong><\/p>\n\n\n\n<ul class=\"wp-block-list\"><li>jestem cz\u0142owiekiem zaj\u0119tym r\u00f3\u017cnorodnymi pasjami i nie zawsze dysponuje wolnym czasem \u2013 zazwyczaj umawiam si\u0119 na prelekcje z minimum miesi\u0119cznym wyprzedzeniem;<\/li><li>nawet je\u015bli kto\u015b ma r\u00f3\u017cne pogl\u0105dy na podobne sprawy, to jednak nie wyklucza przecie\u017c mo\u017cliwo\u015bci spotkania i rozmowy;<\/li><li>nie prowadz\u0119 biura informacji turystycznej w zakresie rezerwacji wolnych miejsce noclegowych oraz karpackich miejsc biwakowych w pobli\u017cu \u017ar\u00f3de\u0142 wody zdatnej do picia;<\/li><li>nie udzielam informacji na temat aktualnych warunk\u00f3w pogodowych, stanu szlak\u00f3w, mo\u017cliwo\u015bci dojazdu czy przekraczania szenge\u0144skiej granicy itp.;<\/li><li>nie prowadz\u0119 sprzeda\u017cy jakichkolwiek produkt\u00f3w (typu: sprz\u0119t, odzie\u017c, wydawnictwa);<\/li><li><strong>nie potrzebuj\u0119 jakichkolwiek us\u0142ug, a w szczeg\u00f3lno\u015bci hostingu, pozycjonowania, us\u0142ug telekomunikacyjnych, ubezpiecze\u0144 i \u017cadnych innych <\/strong>[nie potrzebuj\u0119 te\u017c \u2013 p\u00f3ki co \u2013 lek\u00f3w na potencj\u0119 itp. \ud83d\ude42 ].<\/li><\/ul>\n\n\n\n<div class=\"wp-block-image\"><figure class=\"aligncenter size-large\"><img loading=\"lazy\" decoding=\"async\" width=\"920\" height=\"518\" src=\"https:\/\/dariuszdylag.pl\/wp-content\/uploads\/2024\/01\/pzt-dworzec-logo-2.jpg\" alt=\"O Polskim Zwi\u0105zku Turystycznym s\u0142\u00f3w par\u0119\" class=\"wp-image-18003\" srcset=\"https:\/\/dariuszdylag.pl\/wp-content\/uploads\/2024\/01\/pzt-dworzec-logo-2.jpg 920w, https:\/\/dariuszdylag.pl\/wp-content\/uploads\/2024\/01\/pzt-dworzec-logo-2-300x169.jpg 300w, https:\/\/dariuszdylag.pl\/wp-content\/uploads\/2024\/01\/pzt-dworzec-logo-2-768x432.jpg 768w\" sizes=\"auto, (max-width: 920px) 100vw, 920px\" \/><\/figure><\/div>\n\n\n<center><a href=\"https:\/\/buycoffee.to\/pan-dede\" target=\"_blank\"><img decoding=\"async\" src=\"https:\/\/buycoffee.to\/static\/img\/share\/share-button-dark.png\" style=\"width: 156px; height: 40px\" alt=\"Postaw mi kaw\u0119 na buycoffee.to\"\/><br \/><br \/><b>Je\u015bli podobaj\u0105 Ci si\u0119 publikowane tutaj tre\u015bci i chcesz wesprze\u0107 moj\u0105 prac\u0119, <br \/>mo\u017cesz postawi\u0107 mi wirtualn\u0105 kaw\u0119. <br \/><i>Mn\u00f3stwo serdeczno\u015bci!<\/i><\/b><\/a><br \/><br \/><\/center>","protected":false},"excerpt":{"rendered":"<p>Z powodu chronicznego braku wolnego czasu &#8211; telefon mam na og\u00f3\u0142 wyciszony &#8211; kontakt wy\u0142\u0105cznie sms-owy pod numerem plus 48 6zerozerodziewi\u0119\u0107trzy66jeden6. Zawsze oddzwaniam.Czasem jednak jestem poza dost\u0119pem do jakiejkolwiek sieci \u2013 poprosz\u0119 zatem o cierpliwo\u015b\u0107, albowiem lepiej p\u00f3\u017ano, ni\u017c wcale. Prosz\u0119 r\u00f3wnie\u017c wzi\u0105\u0107 pod uwag\u0119, i\u017c: jestem cz\u0142owiekiem zaj\u0119tym r\u00f3\u017cnorodnymi pasjami i nie zawsze dysponuje [&hellip;]<\/p>\n","protected":false},"author":1,"featured_media":0,"parent":0,"menu_order":0,"comment_status":"closed","ping_status":"closed","template":"","meta":{"ngg_post_thumbnail":0,"footnotes":""},"class_list":["post-7746","page","type-page","status-publish","czr-hentry"],"_links":{"self":[{"href":"https:\/\/dariuszdylag.pl\/index.php?rest_route=\/wp\/v2\/pages\/7746","targetHints":{"allow":["GET"]}}],"collection":[{"href":"https:\/\/dariuszdylag.pl\/index.php?rest_route=\/wp\/v2\/pages"}],"about":[{"href":"https:\/\/dariuszdylag.pl\/index.php?rest_route=\/wp\/v2\/types\/page"}],"author":[{"embeddable":true,"href":"https:\/\/dariuszdylag.pl\/index.php?rest_route=\/wp\/v2\/users\/1"}],"replies":[{"embeddable":true,"href":"https:\/\/dariuszdylag.pl\/index.php?rest_route=%2Fwp%2Fv2%2Fcomments&post=7746"}],"version-history":[{"count":10,"href":"https:\/\/dariuszdylag.pl\/index.php?rest_route=\/wp\/v2\/pages\/7746\/revisions"}],"predecessor-version":[{"id":19841,"href":"https:\/\/dariuszdylag.pl\/index.php?rest_route=\/wp\/v2\/pages\/7746\/revisions\/19841"}],"wp:attachment":[{"href":"https:\/\/dariuszdylag.pl\/index.php?rest_route=%2Fwp%2Fv2%2Fmedia&parent=7746"}],"curies":[{"name":"wp","href":"https:\/\/api.w.org\/{rel}","templated":true}]}}