{"id":8249,"date":"2019-10-26T20:03:29","date_gmt":"2019-10-26T18:03:29","guid":{"rendered":"https:\/\/dariuszdylag.pl\/?page_id=8249"},"modified":"2025-01-06T14:24:52","modified_gmt":"2025-01-06T13:24:52","slug":"wieliczka-%c2%b7-reformaci","status":"publish","type":"page","link":"https:\/\/dariuszdylag.pl\/?page_id=8249","title":{"rendered":"WIELICZKA \u00b7 reformaci"},"content":{"rendered":"\n<h2 class=\"wp-block-heading\">Opowie\u015b\u0107 dziesi\u0105ta<\/h2>\n\n\n\n<p class=\"has-text-align-right\">  ngg_shortcode_0_placeholder <\/p>\n\n\n\n<p class=\"has-text-align-right\"><em>Fot.: \u00a9 dariuszdylag.pl<\/em><\/p>\n","protected":false},"excerpt":{"rendered":"<p>Opowie\u015b\u0107 dziesi\u0105ta Fot.: \u00a9 dariuszdylag.pl<\/p>\n","protected":false},"author":1,"featured_media":8289,"parent":5668,"menu_order":10,"comment_status":"closed","ping_status":"closed","template":"","meta":{"ngg_post_thumbnail":3684,"footnotes":""},"class_list":["post-8249","page","type-page","status-publish","has-post-thumbnail","czr-hentry"],"_links":{"self":[{"href":"https:\/\/dariuszdylag.pl\/index.php?rest_route=\/wp\/v2\/pages\/8249","targetHints":{"allow":["GET"]}}],"collection":[{"href":"https:\/\/dariuszdylag.pl\/index.php?rest_route=\/wp\/v2\/pages"}],"about":[{"href":"https:\/\/dariuszdylag.pl\/index.php?rest_route=\/wp\/v2\/types\/page"}],"author":[{"embeddable":true,"href":"https:\/\/dariuszdylag.pl\/index.php?rest_route=\/wp\/v2\/users\/1"}],"replies":[{"embeddable":true,"href":"https:\/\/dariuszdylag.pl\/index.php?rest_route=%2Fwp%2Fv2%2Fcomments&post=8249"}],"version-history":[{"count":2,"href":"https:\/\/dariuszdylag.pl\/index.php?rest_route=\/wp\/v2\/pages\/8249\/revisions"}],"predecessor-version":[{"id":13639,"href":"https:\/\/dariuszdylag.pl\/index.php?rest_route=\/wp\/v2\/pages\/8249\/revisions\/13639"}],"up":[{"embeddable":true,"href":"https:\/\/dariuszdylag.pl\/index.php?rest_route=\/wp\/v2\/pages\/5668"}],"wp:featuredmedia":[{"embeddable":true,"href":"https:\/\/dariuszdylag.pl\/index.php?rest_route=\/wp\/v2\/media\/8289"}],"wp:attachment":[{"href":"https:\/\/dariuszdylag.pl\/index.php?rest_route=%2Fwp%2Fv2%2Fmedia&parent=8249"}],"curies":[{"name":"wp","href":"https:\/\/api.w.org\/{rel}","templated":true}]}}