{"id":8311,"date":"2019-10-27T16:00:53","date_gmt":"2019-10-27T15:00:53","guid":{"rendered":"https:\/\/dariuszdylag.pl\/?page_id=8311"},"modified":"2025-01-06T14:41:52","modified_gmt":"2025-01-06T13:41:52","slug":"krakow-%c2%b7-franciszkanie-konw","status":"publish","type":"page","link":"https:\/\/dariuszdylag.pl\/?page_id=8311","title":{"rendered":"KRAK\u00d3W \u00b7 franciszkanie konw."},"content":{"rendered":"\n<h2 class=\"wp-block-heading\">Opowie\u015b\u0107 \u00f3sma<\/h2>\n\n\n\n<p class=\"has-text-align-right\">  ngg_shortcode_0_placeholder <\/p>\n\n\n\n<p class=\"has-text-align-right\"><em>Fot.: \u00a9 dariuszdylag.pl<\/em><\/p>\n","protected":false},"excerpt":{"rendered":"<p>Opowie\u015b\u0107 \u00f3sma Fot.: \u00a9 dariuszdylag.pl<\/p>\n","protected":false},"author":1,"featured_media":19281,"parent":5668,"menu_order":8,"comment_status":"closed","ping_status":"closed","template":"","meta":{"ngg_post_thumbnail":3779,"footnotes":""},"class_list":["post-8311","page","type-page","status-publish","has-post-thumbnail","czr-hentry"],"_links":{"self":[{"href":"https:\/\/dariuszdylag.pl\/index.php?rest_route=\/wp\/v2\/pages\/8311","targetHints":{"allow":["GET"]}}],"collection":[{"href":"https:\/\/dariuszdylag.pl\/index.php?rest_route=\/wp\/v2\/pages"}],"about":[{"href":"https:\/\/dariuszdylag.pl\/index.php?rest_route=\/wp\/v2\/types\/page"}],"author":[{"embeddable":true,"href":"https:\/\/dariuszdylag.pl\/index.php?rest_route=\/wp\/v2\/users\/1"}],"replies":[{"embeddable":true,"href":"https:\/\/dariuszdylag.pl\/index.php?rest_route=%2Fwp%2Fv2%2Fcomments&post=8311"}],"version-history":[{"count":3,"href":"https:\/\/dariuszdylag.pl\/index.php?rest_route=\/wp\/v2\/pages\/8311\/revisions"}],"predecessor-version":[{"id":13637,"href":"https:\/\/dariuszdylag.pl\/index.php?rest_route=\/wp\/v2\/pages\/8311\/revisions\/13637"}],"up":[{"embeddable":true,"href":"https:\/\/dariuszdylag.pl\/index.php?rest_route=\/wp\/v2\/pages\/5668"}],"wp:featuredmedia":[{"embeddable":true,"href":"https:\/\/dariuszdylag.pl\/index.php?rest_route=\/wp\/v2\/media\/19281"}],"wp:attachment":[{"href":"https:\/\/dariuszdylag.pl\/index.php?rest_route=%2Fwp%2Fv2%2Fmedia&parent=8311"}],"curies":[{"name":"wp","href":"https:\/\/api.w.org\/{rel}","templated":true}]}}