{"id":9089,"date":"2020-04-10T07:52:03","date_gmt":"2020-04-10T05:52:03","guid":{"rendered":"https:\/\/dariuszdylag.pl\/?page_id=9089"},"modified":"2025-03-09T19:06:20","modified_gmt":"2025-03-09T18:06:20","slug":"covid-19","status":"publish","type":"page","link":"https:\/\/dariuszdylag.pl\/?page_id=9089","title":{"rendered":"COVID-19"},"content":{"rendered":"\n<p>W zwi\u0105zku z zaraz\u0105 COVID-19 dotychczas zaplanowane  na sezon wiosenny i  letni 2020 roku spotkania, prelekcje i wyk\u0142ady oraz zaj\u0119cia terenowe i  warsztaty szkoleniowe s\u0105 odwo\u0142ane. Zach\u0119cam do przegl\u0105dania materia\u0142\u00f3w z  g\u00f3rnego menu, dotycz\u0105cych karpackiego \u015brodowiska kulturowego oraz przyrodniczego, jak r\u00f3wnie\u017c archiwali\u00f3w z ostatnich dziesi\u0119ciu lat w panelu bocznym (<em>Archiwa<\/em>).<\/p>\n\n\n\n<div class=\"wp-block-image\"><figure class=\"aligncenter size-large\"><a href=\"https:\/\/dariuszdylag.pl\/wp-content\/uploads\/2025\/03\/000-zakaz-wstepu-do-lasu.jpg\"><img loading=\"lazy\" decoding=\"async\" width=\"800\" height=\"778\" src=\"https:\/\/dariuszdylag.pl\/wp-content\/uploads\/2025\/03\/000-zakaz-wstepu-do-lasu.jpg\" alt=\"\" class=\"wp-image-19441\" srcset=\"https:\/\/dariuszdylag.pl\/wp-content\/uploads\/2025\/03\/000-zakaz-wstepu-do-lasu.jpg 800w, https:\/\/dariuszdylag.pl\/wp-content\/uploads\/2025\/03\/000-zakaz-wstepu-do-lasu-300x292.jpg 300w, https:\/\/dariuszdylag.pl\/wp-content\/uploads\/2025\/03\/000-zakaz-wstepu-do-lasu-768x747.jpg 768w\" sizes=\"auto, (max-width: 800px) 100vw, 800px\" \/><\/a><figcaption>Fot. Dariusz Dyl\u0105g<\/figcaption><\/figure><\/div>\n","protected":false},"excerpt":{"rendered":"<p>W zwi\u0105zku z zaraz\u0105 COVID-19 dotychczas zaplanowane na sezon wiosenny i letni 2020 roku spotkania, prelekcje i wyk\u0142ady oraz zaj\u0119cia terenowe i warsztaty szkoleniowe s\u0105 odwo\u0142ane. Zach\u0119cam do przegl\u0105dania materia\u0142\u00f3w z g\u00f3rnego menu, dotycz\u0105cych karpackiego \u015brodowiska kulturowego oraz przyrodniczego, jak r\u00f3wnie\u017c archiwali\u00f3w z ostatnich dziesi\u0119ciu lat w panelu bocznym (Archiwa).<\/p>\n","protected":false},"author":1,"featured_media":9087,"parent":0,"menu_order":0,"comment_status":"closed","ping_status":"closed","template":"","meta":{"ngg_post_thumbnail":0,"footnotes":""},"class_list":["post-9089","page","type-page","status-publish","has-post-thumbnail","czr-hentry"],"_links":{"self":[{"href":"https:\/\/dariuszdylag.pl\/index.php?rest_route=\/wp\/v2\/pages\/9089","targetHints":{"allow":["GET"]}}],"collection":[{"href":"https:\/\/dariuszdylag.pl\/index.php?rest_route=\/wp\/v2\/pages"}],"about":[{"href":"https:\/\/dariuszdylag.pl\/index.php?rest_route=\/wp\/v2\/types\/page"}],"author":[{"embeddable":true,"href":"https:\/\/dariuszdylag.pl\/index.php?rest_route=\/wp\/v2\/users\/1"}],"replies":[{"embeddable":true,"href":"https:\/\/dariuszdylag.pl\/index.php?rest_route=%2Fwp%2Fv2%2Fcomments&post=9089"}],"version-history":[{"count":2,"href":"https:\/\/dariuszdylag.pl\/index.php?rest_route=\/wp\/v2\/pages\/9089\/revisions"}],"predecessor-version":[{"id":19442,"href":"https:\/\/dariuszdylag.pl\/index.php?rest_route=\/wp\/v2\/pages\/9089\/revisions\/19442"}],"wp:featuredmedia":[{"embeddable":true,"href":"https:\/\/dariuszdylag.pl\/index.php?rest_route=\/wp\/v2\/media\/9087"}],"wp:attachment":[{"href":"https:\/\/dariuszdylag.pl\/index.php?rest_route=%2Fwp%2Fv2%2Fmedia&parent=9089"}],"curies":[{"name":"wp","href":"https:\/\/api.w.org\/{rel}","templated":true}]}}