{"id":9098,"date":"2020-04-10T08:34:03","date_gmt":"2020-04-10T06:34:03","guid":{"rendered":"https:\/\/dariuszdylag.pl\/?page_id=9098"},"modified":"2025-12-25T15:26:28","modified_gmt":"2025-12-25T14:26:28","slug":"koniec-dawnosci","status":"publish","type":"page","link":"https:\/\/dariuszdylag.pl\/?page_id=9098","title":{"rendered":"Prelekcje i wyk\u0142ady"},"content":{"rendered":"\n<p>W ramach edukacji kulturowej (historycznej) podr\u00f3\u017cuj\u0119 z prelekcjami i wyk\u0142adami o Karpatach. Zach\u0119cam do zapoznania si\u0119 z moimi propozycjami w <em>Menu<\/em> powy\u017cej (w zak\u0142adce <em>Prelekcje i wyk\u0142ady<\/em>).<\/p>\n\n\n\n<figure class=\"wp-block-video aligncenter\"><video controls src=\" https:\/\/dariuszdylag.pl\/vid\/2019-10bk-dobczyce.mp4\"><\/video><\/figure>\n\n<center><a href=\"https:\/\/buycoffee.to\/pan-dede\" target=\"_blank\"><img decoding=\"async\" src=\"https:\/\/buycoffee.to\/static\/img\/share\/share-button-dark.png\" style=\"width: 156px; height: 40px\" alt=\"Postaw mi kaw\u0119 na buycoffee.to\"\/><br \/><br \/><b>Je\u015bli podobaj\u0105 Ci si\u0119 publikowane tutaj tre\u015bci i chcesz wesprze\u0107 moj\u0105 prac\u0119, <br \/>mo\u017cesz postawi\u0107 mi wirtualn\u0105 kaw\u0119. <br \/><i>Mn\u00f3stwo serdeczno\u015bci!<\/i><\/b><\/a><\/center>","protected":false},"excerpt":{"rendered":"<p>W ramach edukacji kulturowej (historycznej) podr\u00f3\u017cuj\u0119 z prelekcjami i wyk\u0142adami o Karpatach. Zach\u0119cam do zapoznania si\u0119 z moimi propozycjami w Menu powy\u017cej (w zak\u0142adce Prelekcje i wyk\u0142ady). Je\u015bli podobaj\u0105 Ci si\u0119 publikowane tutaj tre\u015bci i chcesz wesprze\u0107 moj\u0105 prac\u0119, mo\u017cesz postawi\u0107 mi wirtualn\u0105 kaw\u0119. Mn\u00f3stwo serdeczno\u015bci!<\/p>\n","protected":false},"author":1,"featured_media":9102,"parent":0,"menu_order":0,"comment_status":"closed","ping_status":"closed","template":"","meta":{"ngg_post_thumbnail":0,"footnotes":""},"class_list":["post-9098","page","type-page","status-publish","has-post-thumbnail","czr-hentry"],"_links":{"self":[{"href":"https:\/\/dariuszdylag.pl\/index.php?rest_route=\/wp\/v2\/pages\/9098","targetHints":{"allow":["GET"]}}],"collection":[{"href":"https:\/\/dariuszdylag.pl\/index.php?rest_route=\/wp\/v2\/pages"}],"about":[{"href":"https:\/\/dariuszdylag.pl\/index.php?rest_route=\/wp\/v2\/types\/page"}],"author":[{"embeddable":true,"href":"https:\/\/dariuszdylag.pl\/index.php?rest_route=\/wp\/v2\/users\/1"}],"replies":[{"embeddable":true,"href":"https:\/\/dariuszdylag.pl\/index.php?rest_route=%2Fwp%2Fv2%2Fcomments&post=9098"}],"version-history":[{"count":5,"href":"https:\/\/dariuszdylag.pl\/index.php?rest_route=\/wp\/v2\/pages\/9098\/revisions"}],"predecessor-version":[{"id":19766,"href":"https:\/\/dariuszdylag.pl\/index.php?rest_route=\/wp\/v2\/pages\/9098\/revisions\/19766"}],"wp:featuredmedia":[{"embeddable":true,"href":"https:\/\/dariuszdylag.pl\/index.php?rest_route=\/wp\/v2\/media\/9102"}],"wp:attachment":[{"href":"https:\/\/dariuszdylag.pl\/index.php?rest_route=%2Fwp%2Fv2%2Fmedia&parent=9098"}],"curies":[{"name":"wp","href":"https:\/\/api.w.org\/{rel}","templated":true}]}}